


{"id":1250,"date":"2024-04-18T11:44:49","date_gmt":"2024-04-18T09:44:49","guid":{"rendered":"https:\/\/schoolsforpalestine.com\/faq-reutilizacion-de-tejados-barcelona-2024\/"},"modified":"2024-11-04T15:43:56","modified_gmt":"2024-11-04T14:43:56","slug":"faq","status":"publish","type":"page","link":"https:\/\/schoolsforpalestine.com\/es\/faq\/","title":{"rendered":"FAQ &#8211; Schools for Palestine"},"content":{"rendered":"[vc_row type=\u00bbfull_width_background\u00bb full_screen_row_position=\u00bbmiddle\u00bb column_margin=\u00bbdefault\u00bb column_direction=\u00bbdefault\u00bb column_direction_tablet=\u00bbdefault\u00bb column_direction_phone=\u00bbdefault\u00bb scene_position=\u00bbcenter\u00bb top_padding=\u00bb8%\u00bb left_padding_desktop=\u00bb10%\u00bb constrain_group_2=\u00bbyes\u00bb right_padding_desktop=\u00bb10%\u00bb text_color=\u00bbdark\u00bb text_align=\u00bbleft\u00bb row_border_radius=\u00bbnone\u00bb row_border_radius_applies=\u00bbbg\u00bb overflow=\u00bbvisible\u00bb overlay_strength=\u00bb0.3&#8243; gradient_direction=\u00bbleft_to_right\u00bb shape_divider_position=\u00bbbottom\u00bb bg_image_animation=\u00bbnone\u00bb gradient_type=\u00bbdefault\u00bb shape_type=\u00bb\u00bb][vc_column column_padding=\u00bbno-extra-padding\u00bb column_padding_tablet=\u00bbinherit\u00bb column_padding_phone=\u00bbinherit\u00bb column_padding_position=\u00bball\u00bb column_element_direction_desktop=\u00bbdefault\u00bb column_element_spacing=\u00bbdefault\u00bb desktop_text_alignment=\u00bbdefault\u00bb tablet_text_alignment=\u00bbdefault\u00bb phone_text_alignment=\u00bbdefault\u00bb background_color_opacity=\u00bb1&#8243; background_hover_color_opacity=\u00bb1&#8243; column_backdrop_filter=\u00bbnone\u00bb column_shadow=\u00bbnone\u00bb column_border_radius=\u00bbnone\u00bb column_link_target=\u00bb_self\u00bb column_position=\u00bbdefault\u00bb gradient_direction=\u00bbleft_to_right\u00bb overlay_strength=\u00bb0.3&#8243; width=\u00bb1\/1&#8243; tablet_width_inherit=\u00bbdefault\u00bb animation_type=\u00bbdefault\u00bb bg_image_animation=\u00bbnone\u00bb border_type=\u00bbsimple\u00bb column_border_width=\u00bbnone\u00bb column_border_style=\u00bbsolid\u00bb][vc_row_inner column_margin=\u00bbdefault\u00bb column_direction=\u00bbdefault\u00bb column_direction_tablet=\u00bbdefault\u00bb column_direction_phone=\u00bbdefault\u00bb bottom_padding=\u00bb4%\u00bb text_align=\u00bbleft\u00bb row_position=\u00bbdefault\u00bb row_position_tablet=\u00bbinherit\u00bb row_position_phone=\u00bbinherit\u00bb overflow=\u00bbvisible\u00bb pointer_events=\u00bball\u00bb][vc_column_inner column_padding=\u00bbno-extra-padding\u00bb column_padding_tablet=\u00bbinherit\u00bb column_padding_phone=\u00bbinherit\u00bb column_padding_position=\u00bball\u00bb column_element_direction_desktop=\u00bbdefault\u00bb column_element_spacing=\u00bbdefault\u00bb centered_text=\u00bbtrue\u00bb desktop_text_alignment=\u00bbdefault\u00bb tablet_text_alignment=\u00bbdefault\u00bb phone_text_alignment=\u00bbdefault\u00bb background_color_opacity=\u00bb1&#8243; background_hover_color_opacity=\u00bb1&#8243; column_backdrop_filter=\u00bbnone\u00bb column_shadow=\u00bbnone\u00bb column_border_radius=\u00bbnone\u00bb column_link_target=\u00bb_self\u00bb overflow=\u00bbvisible\u00bb advanced_gradient_angle=\u00bb0&#8243; gradient_direction=\u00bbleft_to_right\u00bb overlay_strength=\u00bb0.3&#8243; width=\u00bb1\/1&#8243; tablet_width_inherit=\u00bbdefault\u00bb animation_type=\u00bbdefault\u00bb bg_image_animation=\u00bbnone\u00bb border_type=\u00bbsimple\u00bb column_border_width=\u00bbnone\u00bb column_border_style=\u00bbsolid\u00bb gradient_type=\u00bbdefault\u00bb][nectar_highlighted_text style=\u00bbnone\u00bb custom_font_size=\u00bb3vw\u00bb font_size_tablet=\u00bb6vw\u00bb font_line_height=\u00bb1.2&#8243;]\n<h1>Preguntas frecuentes<\/h1>\n[\/nectar_highlighted_text][\/vc_column_inner][\/vc_row_inner][\/vc_column][\/vc_row][vc_row type=\u00bbfull_width_content\u00bb full_screen_row_position=\u00bbmiddle\u00bb column_margin=\u00bbcustom\u00bb column_margin_custom=\u00bb7vw\u00bb equal_height=\u00bbyes\u00bb content_placement=\u00bbmiddle\u00bb column_direction=\u00bbdefault\u00bb column_direction_tablet=\u00bbdefault\u00bb column_direction_phone=\u00bbdefault\u00bb bg_color=\u00bb#f8f8f8&#8243; scene_position=\u00bbcenter\u00bb top_padding=\u00bb3%\u00bb bottom_padding=\u00bb12%\u00bb left_padding_desktop=\u00bb7vw\u00bb constrain_group_2=\u00bbyes\u00bb right_padding_desktop=\u00bb7vw\u00bb text_color=\u00bbdark\u00bb text_align=\u00bbleft\u00bb row_border_radius=\u00bbnone\u00bb row_border_radius_applies=\u00bbbg\u00bb overflow=\u00bbvisible\u00bb advanced_gradient_angle=\u00bb0&#8243; overlay_strength=\u00bb0.8&#8243; gradient_direction=\u00bbleft_to_right\u00bb enable_shape_divider=\u00bbtrue\u00bb shape_divider_color=\u00bb#000000&#8243; shape_divider_position=\u00bbbottom\u00bb shape_divider_height=\u00bb99%\u00bb bg_image_animation=\u00bbclip-path\u00bb clip_path_animation_type=\u00bbscroll\u00bb clip_path_animation_applies=\u00bbdefault\u00bb clip_path_start_bottom_desktop=\u00bb0&#8243; clip_path_start_left_desktop=\u00bb0&#8243; clip_path_start_right_desktop=\u00bb0&#8243; clip_path_end_bottom_desktop=\u00bb4%\u00bb clip_path_end_left_desktop=\u00bb4%\u00bb clip_path_end_right_desktop=\u00bb4%\u00bb clip_path_start_roundness=\u00bb0&#8243; clip_path_end_roundness=\u00bb20&#8243; animation_trigger_offset=\u00bb32.00,50.00&#8243; animation_trigger_origin=\u00bbbottom\u00bb shape_type=\u00bbstraight_section\u00bb gradient_type=\u00bbdefault\u00bb][vc_column left_padding_desktop=\u00bb2vw\u00bb column_element_direction_desktop=\u00bbdefault\u00bb column_element_spacing=\u00bbdefault\u00bb desktop_text_alignment=\u00bbdefault\u00bb tablet_text_alignment=\u00bbdefault\u00bb phone_text_alignment=\u00bbdefault\u00bb background_color_opacity=\u00bb1&#8243; background_hover_color_opacity=\u00bb1&#8243; column_backdrop_filter=\u00bbnone\u00bb column_shadow=\u00bbnone\u00bb column_border_radius=\u00bbnone\u00bb column_link_target=\u00bb_self\u00bb column_position=\u00bbdefault\u00bb advanced_gradient_angle=\u00bb0&#8243; gradient_direction=\u00bbleft_to_right\u00bb overlay_strength=\u00bb0.3&#8243; width=\u00bb1\/2&#8243; tablet_width_inherit=\u00bbdefault\u00bb animation_type=\u00bbdefault\u00bb bg_image_animation=\u00bbnone\u00bb border_type=\u00bbsimple\u00bb column_border_width=\u00bbnone\u00bb column_border_style=\u00bbsolid\u00bb column_padding_type=\u00bbadvanced\u00bb gradient_type=\u00bbdefault\u00bb][toggles style=\u00bbminimal_shadow\u00bb accordion=\u00bbtrue\u00bb accordion_starting_functionality=\u00bbdefault\u00bb border_radius=\u00bbnone\u00bb][toggle color=\u00bbDefault\u00bb heading_tag=\u00bbh3&#8243; heading_tag_functionality=\u00bbdefault\u00bb title=\u00bbHay discrepancias entre la pendiente y las dimensiones del terreno descritas en el archivo AutoCAD y otras fuentes como el mapa topogr\u00e1fico o Google Earth. \u00bfQu\u00e9 informaci\u00f3n es correcta? \u00ab][vc_column_text text_direction=\u00bbdefault\u00bb]Debes referirte a las especificaciones proporcionadas en el archivo AutoCAD (DWG), que contiene los datos topogr\u00e1ficos precisos para un \u00e1rea de 34&#215;55 metros con una pendiente de 15 metros, proporcionados por el equipo in situ. Ten en cuenta que las caracter\u00edsticas del terreno no deben limitar demasiado tu dise\u00f1o, ya que buscamos soluciones flexibles que puedan adaptarse f\u00e1cilmente con cambios m\u00ednimos a diversos tipos de terreno.[\/vc_column_text][\/toggle][toggle color=\u00bbDefault\u00bb heading_tag=\u00bbh3&#8243; heading_tag_functionality=\u00bbdefault\u00bb title=\u00bbDesde el punto de vista constructivo y estructural, \u00bfes posible utilizar materiales como tubos de andamio, vigas de madera o de metal? \u00bfTodos los elementos estructurales deben montarse in situ, o pueden ser prefabricados por mano de obra especializada (por ejemplo, los elementos que requieren soldadura, etc.)? \u00ab][vc_column_text text_direction=\u00bbdefault\u00bb]S\u00ed, en tu dise\u00f1o pueden utilizarse materiales como tubos de andamiaje y vigas de madera o metal. Sin embargo, te rogamos que des prioridad al uso de materiales disponibles localmente que puedan ser montados y desmontados f\u00e1cilmente por equipos locales minimizando la mano de obra especializada requerida. Este enfoque ayuda a garantizar que las estructuras sean pr\u00e1cticas y f\u00e1ciles de construir y desmontar con los recursos disponibles.[\/vc_column_text][\/toggle][toggle color=\u00bbDefault\u00bb heading_tag=\u00bbh3&#8243; heading_tag_functionality=\u00bbdefault\u00bb title=\u00bb\u00bfNecesita el proyecto albergar a un total de 200 personas, o debe incluir aulas para 200 personas cada una?\u00bb][vc_column_text text_direction=\u00bbdefault\u00bb]El proyecto debe tener una capacidad total para acoger a 200 alumnos. En cuanto a la distribuci\u00f3n de las aulas, deber\u00eda haber 4 aulas grandes, cada una de las cuales deber\u00eda poder dividirse en 2 \u00f3 3 aulas m\u00e1s peque\u00f1as. Esto dar\u00eda como resultado un total de entre 8 y 12 espacios m\u00e1s peque\u00f1os cuando se dividan todas las aulas. De este modo, se optimiza el espacio para alojar de forma flexible a los alumnos seg\u00fan las necesidades.[\/vc_column_text][\/toggle][toggle color=\u00bbDefault\u00bb heading_tag=\u00bbh3&#8243; heading_tag_functionality=\u00bbdefault\u00bb title=\u00bbLos ba\u00f1os deben tener unas caracter\u00edsticas bastante complejas para una estructura que debe desmontarse y transportarse r\u00e1pida y f\u00e1cilmente. A este respecto, \u00bfes posible utilizar estructuras funcionales existentes, como contenedores humanitarios, como estructura b\u00e1sica, redise\u00f1ada para adaptarse a los requisitos de disposici\u00f3n y dise\u00f1o? \u00ab][vc_column_text text_direction=\u00bbdefault\u00bb]S\u00ed, puedes utilizar estructuras funcionales existentes, como contenedores humanitarios, como base para tu dise\u00f1o. La clave est\u00e1 en garantizar que estas estructuras sigan siendo transportables, permitiendo un montaje y desmontaje r\u00e1pidos, al tiempo que crean un entorno seguro y funcional para alumnos y educadores.[\/vc_column_text][\/toggle][toggle color=\u00bbAccent-Color\u00bb heading_tag=\u00bbh3&#8243; heading_tag_functionality=\u00bbdefault\u00bb title=\u00bb\u00bfEl concurso est\u00e1 limitado s\u00f3lo a estudiantes o profesionales?\u00bb][vc_column_text text_direction=\u00bbdefault\u00bb]Nuestros concursos est\u00e1n abiertos a todas las personas mayores de 18 a\u00f1os que deseen participar y mostrar sus ideas y soluciones a los retos planteados por el concurso. Tanto estudiantes como profesionales de cualquier disciplina: arquitectos, dise\u00f1adores, ingenieros, fot\u00f3grafos, etc.[\/vc_column_text][\/toggle][toggle color=\u00bbAccent-Color\u00bb heading_tag=\u00bbh3&#8243; heading_tag_functionality=\u00bbdefault\u00bb title=\u00bb\u00bfPuedo inscribirme hoy y modificar los miembros de mi equipo m\u00e1s tarde?\u00bb][vc_column_text text_direction=\u00bbdefault\u00bb]S\u00ed, siempre puedes a\u00f1adir, eliminar o cambiar a los miembros de tu equipo. Encontrar\u00e1s un enlace para hacerlo en el \u00e1rea de participantes de nuestra p\u00e1gina web.[\/vc_column_text][\/toggle][toggle color=\u00bbAccent-Color\u00bb heading_tag=\u00bbh3&#8243; heading_tag_functionality=\u00bbdefault\u00bb title=\u00bb\u00bfCu\u00e1ntos participantes puede haber por equipo? \u00bfSe permite la participaci\u00f3n individual?\u00bb][vc_column_text text_direction=\u00bbdefault\u00bb]Los equipos pueden tener entre 1 y 4 participantes, por lo que la participaci\u00f3n individual es totalmente v\u00e1lida.[\/vc_column_text][\/toggle][toggle color=\u00bbDefault\u00bb heading_tag=\u00bbh3&#8243; heading_tag_functionality=\u00bbdefault\u00bb title=\u00bbDespu\u00e9s de inscribirme, \u00bfqu\u00e9 debo recibir?\u00bb][vc_column_text text_direction=\u00bbdefault\u00bb]Deber\u00edas recibir dos correos electr\u00f3nicos en la direcci\u00f3n de correo electr\u00f3nico introducida durante el proceso de pago. El primero confirmando tu pago con un n\u00famero de orden que debes utilizar para identificar tu proyecto, y un segundo correo electr\u00f3nico de bienvenida con la contrase\u00f1a para acceder al \u00c1rea de Participantes donde podr\u00e1s descargar el material del concurso. Si pasadas 24 horas no has recibido estos correos, comprueba tu carpeta de correo no deseado, y si no los encuentras, ponte en contacto con nosotros a trav\u00e9s de nuestro correo electr\u00f3nico: info@schoolsforpalestine.com.[\/vc_column_text][\/toggle][toggle color=\u00bbAccent-Color\u00bb heading_tag=\u00bbh3&#8243; heading_tag_functionality=\u00bbdefault\u00bb title=\u00bb\u00bfQu\u00e9 necesito presentar al concurso?\u00bb][vc_column_text text_direction=\u00bbdefault\u00bb]Los participantes deben enviar dos archivos digitales a trav\u00e9s del \u00c1rea de Participantes de nuestro sitio web: una \u00abL\u00e1mina A1\u00bb en formato JPEG o JPG y una \u00abDescripci\u00f3n del proyecto\u00bb de hasta 400 palabras en formato PDF. Ambos archivos deben nombrarse con el n\u00famero de orden que aparece en el correo electr\u00f3nico de confirmaci\u00f3n del pago que recibir\u00e1s tras inscribirte. Puedes encontrar todos los detalles en el briefing del concurso, en el apartado \u00abPresentaci\u00f3n\u00bb.[\/vc_column_text][\/toggle][toggle color=\u00bbAccent-Color\u00bb heading_tag=\u00bbh3&#8243; heading_tag_functionality=\u00bbdefault\u00bb title=\u00bb\u00bfPuede mi equipo presentar m\u00e1s de una propuesta?\u00bb][vc_column_text text_direction=\u00bbdefault\u00bb]S\u00ed, puedes presentar tantas propuestas como desees, pero tendr\u00e1s que inscribirte en el concurso tantas veces como propuestas quieras presentar.[\/vc_column_text][\/toggle][toggle color=\u00bbAccent-Color\u00bb heading_tag=\u00bbh3&#8243; heading_tag_functionality=\u00bbdefault\u00bb title=\u00bbTengo problemas para completar el pago:\u00bb][vc_column_text text_direction=\u00bbdefault\u00bb]Algunos pa\u00edses tienen restricciones sobre los pagos internacionales, lo que podr\u00eda impedir que tu banco aprobara la transacci\u00f3n y dificultar la inscripci\u00f3n. Si esto ocurre, intenta inscribirte de nuevo utilizando una tarjeta de cr\u00e9dito diferente, preferiblemente de otro banco o que admita transacciones internacionales. Si el problema persiste, ponte en contacto con nosotros en info@schoolsforpalestine.com.[\/vc_column_text][\/toggle][toggle color=\u00bbAccent-Color\u00bb heading_tag=\u00bbh3&#8243; heading_tag_functionality=\u00bbdefault\u00bb title=\u00bbNo encuentro mi pa\u00eds entre las opciones durante el proceso de inscripci\u00f3n\u00bb][vc_column_text text_direction=\u00bbdefault\u00bb]En ese caso, selecciona cualquier otro pa\u00eds (s\u00f3lo con fines estad\u00edsticos) y env\u00edanos un correo electr\u00f3nico a info@schoolsforpalestine.com indicando el pa\u00eds que quieres que figure para tu equipo.[\/vc_column_text][\/toggle][toggle color=\u00bbAccent-Color\u00bb heading_tag=\u00bbh3&#8243; heading_tag_functionality=\u00bbdefault\u00bb title=\u00bb\u00bfEn qu\u00e9 idiomas se pueden presentar los materiales para el concurso?\u00bb][vc_column_text text_direction=\u00bbdefault\u00bb]Las lenguas aceptadas son el ingl\u00e9s y el franc\u00e9s.[\/vc_column_text][\/toggle][\/toggles][\/vc_column][vc_column right_padding_desktop=\u00bb2vw\u00bb top_margin_tablet=\u00bb10%\u00bb column_element_direction_desktop=\u00bbdefault\u00bb column_element_spacing=\u00bbdefault\u00bb desktop_text_alignment=\u00bbdefault\u00bb tablet_text_alignment=\u00bbdefault\u00bb phone_text_alignment=\u00bbdefault\u00bb sticky_content=\u00bbtrue\u00bb sticky_content_functionality=\u00bbjs\u00bb background_color_opacity=\u00bb1&#8243; background_hover_color_opacity=\u00bb1&#8243; column_backdrop_filter=\u00bbnone\u00bb column_shadow=\u00bbnone\u00bb column_border_radius=\u00bbnone\u00bb column_link_target=\u00bb_self\u00bb column_position=\u00bbdefault\u00bb advanced_gradient_angle=\u00bb0&#8243; gradient_direction=\u00bbleft_to_right\u00bb overlay_strength=\u00bb0.3&#8243; width=\u00bb1\/2&#8243; tablet_width_inherit=\u00bbdefault\u00bb animation_type=\u00bbdefault\u00bb bg_image_animation=\u00bbnone\u00bb border_type=\u00bbsimple\u00bb column_border_width=\u00bbnone\u00bb column_border_style=\u00bbsolid\u00bb column_padding_type=\u00bbadvanced\u00bb gradient_type=\u00bbdefault\u00bb][vc_row_inner column_margin=\u00bbdefault\u00bb column_direction=\u00bbdefault\u00bb column_direction_tablet=\u00bbdefault\u00bb column_direction_phone=\u00bbdefault\u00bb text_align=\u00bbleft\u00bb row_position=\u00bbdefault\u00bb row_position_tablet=\u00bbinherit\u00bb row_position_phone=\u00bbinherit\u00bb max_width_desktop=\u00bb800px\u00bb overflow=\u00bbvisible\u00bb pointer_events=\u00bball\u00bb][vc_column_inner column_padding=\u00bbno-extra-padding\u00bb column_padding_tablet=\u00bbinherit\u00bb column_padding_phone=\u00bbinherit\u00bb column_padding_position=\u00bball\u00bb column_element_direction_desktop=\u00bbdefault\u00bb column_element_spacing=\u00bbdefault\u00bb desktop_text_alignment=\u00bbdefault\u00bb tablet_text_alignment=\u00bbdefault\u00bb phone_text_alignment=\u00bbdefault\u00bb background_color=\u00bb#ff6b3d\u00bb background_color_opacity=\u00bb1&#8243; background_hover_color_opacity=\u00bb1&#8243; column_backdrop_filter=\u00bbnone\u00bb column_shadow=\u00bbnone\u00bb column_border_radius=\u00bb15px\u00bb column_link_target=\u00bb_self\u00bb overflow=\u00bbhidden\u00bb advanced_gradient_radial_position=\u00bbtop right\u00bb width=\u00bb1\/1&#8243; tablet_width_inherit=\u00bbdefault\u00bb animation_type=\u00bbdefault\u00bb bg_image_animation=\u00bbnone\u00bb border_type=\u00bbsimple\u00bb column_border_width=\u00bbnone\u00bb column_border_style=\u00bbsolid\u00bb column_padding_type=\u00bbdefault\u00bb gradient_type=\u00bbadvanced\u00bb advanced_gradient_display_type=\u00bbradial\u00bb][nectar_animated_shape shape_color=\u00bb#ffce59&#8243; width_desktop=\u00bb65vw\u00bb animation=\u00bbnone\u00bb animation_easing=\u00bbeaseInOutCubic\u00bb animation_movement_type=\u00bbtransform_y\u00bb position_desktop=\u00bbabsolute\u00bb top_position_desktop=\u00bb0&#8243; bottom_position_desktop=\u00bb0&#8243; left_position_desktop=\u00bb0&#8243; translate_y_desktop=\u00bb10%\u00bb translate_x_desktop=\u00bb-50%\u00bb zindex=\u00bb-1&#8243; animation_offset=\u00bb160%\u00bb][image_with_animation image_url=\u00bb2984&#8243; image_size=\u00bblarge_featured\u00bb animation_type=\u00bbentrance\u00bb animation=\u00bbNone\u00bb animation_movement_type=\u00bbtransform_y\u00bb animation_movement_intensity=\u00bb-0.8&#8243; hover_animation=\u00bbnone\u00bb alignment=\u00bbright\u00bb border_radius=\u00bbnone\u00bb box_shadow=\u00bbcustom\u00bb box_shadow_method=\u00bbfilter\u00bb image_loading=\u00bbdefault\u00bb max_width=\u00bb100%\u00bb max_width_mobile=\u00bbdefault\u00bb custom_box_shadow=\u00bbhorizontal:-25,vertical:5,blur:25,spread:0,opacity:0&#8243; margin_bottom=\u00bb-5%\u00bb margin_top=\u00bb5%\u00bb][\/vc_column_inner][\/vc_row_inner][\/vc_column][\/vc_row]\n","protected":false},"excerpt":{"rendered":"<p>[vc_row type=\u00bbfull_width_background\u00bb full_screen_row_position=\u00bbmiddle\u00bb column_margin=\u00bbdefault\u00bb column_direction=\u00bbdefault\u00bb column_direction_tablet=\u00bbdefault\u00bb column_direction_phone=\u00bbdefault\u00bb scene_position=\u00bbcenter\u00bb top_padding=\u00bb8%\u00bb left_padding_desktop=\u00bb10%\u00bb constrain_group_2=\u00bbyes\u00bb right_padding_desktop=\u00bb10%\u00bb text_color=\u00bbdark\u00bb text_align=\u00bbleft\u00bb row_border_radius=\u00bbnone\u00bb row_border_radius_applies=\u00bbbg\u00bb overflow=\u00bbvisible\u00bb overlay_strength=\u00bb0.3&#8243; gradient_direction=\u00bbleft_to_right\u00bb shape_divider_position=\u00bbbottom\u00bb bg_image_animation=\u00bbnone\u00bb gradient_type=\u00bbdefault\u00bb shape_type=\u00bb\u00bb][vc_column column_padding=\u00bbno-extra-padding\u00bb column_padding_tablet=\u00bbinherit\u00bb column_padding_phone=\u00bbinherit\u00bb column_padding_position=\u00bball\u00bb column_element_direction_desktop=\u00bbdefault\u00bb column_element_spacing=\u00bbdefault\u00bb desktop_text_alignment=\u00bbdefault\u00bb&#8230;<\/p>\n","protected":false},"author":1,"featured_media":0,"parent":0,"menu_order":0,"comment_status":"closed","ping_status":"closed","template":"","meta":{"om_disable_all_campaigns":false,"_monsterinsights_skip_tracking":false,"_monsterinsights_sitenote_active":false,"_monsterinsights_sitenote_note":"","_monsterinsights_sitenote_category":0,"_uf_show_specific_survey":0,"_uf_disable_surveys":false,"footnotes":""},"class_list":["post-1250","page","type-page","status-publish"],"aioseo_notices":[],"_links":{"self":[{"href":"https:\/\/schoolsforpalestine.com\/es\/wp-json\/wp\/v2\/pages\/1250","targetHints":{"allow":["GET"]}}],"collection":[{"href":"https:\/\/schoolsforpalestine.com\/es\/wp-json\/wp\/v2\/pages"}],"about":[{"href":"https:\/\/schoolsforpalestine.com\/es\/wp-json\/wp\/v2\/types\/page"}],"author":[{"embeddable":true,"href":"https:\/\/schoolsforpalestine.com\/es\/wp-json\/wp\/v2\/users\/1"}],"replies":[{"embeddable":true,"href":"https:\/\/schoolsforpalestine.com\/es\/wp-json\/wp\/v2\/comments?post=1250"}],"version-history":[{"count":17,"href":"https:\/\/schoolsforpalestine.com\/es\/wp-json\/wp\/v2\/pages\/1250\/revisions"}],"predecessor-version":[{"id":4234,"href":"https:\/\/schoolsforpalestine.com\/es\/wp-json\/wp\/v2\/pages\/1250\/revisions\/4234"}],"wp:attachment":[{"href":"https:\/\/schoolsforpalestine.com\/es\/wp-json\/wp\/v2\/media?parent=1250"}],"curies":[{"name":"wp","href":"https:\/\/api.w.org\/{rel}","templated":true}]}}