


{"id":1283,"date":"2024-04-10T15:53:52","date_gmt":"2024-04-10T13:53:52","guid":{"rendered":"https:\/\/schoolsforpalestine.com\/terminos-condiciones-y-politica-de-privacidad\/"},"modified":"2024-08-15T21:16:34","modified_gmt":"2024-08-15T19:16:34","slug":"terminos","status":"publish","type":"page","link":"https:\/\/schoolsforpalestine.com\/es\/terminos\/","title":{"rendered":"T\u00e9rminos, condiciones y pol\u00edtica de privacidad"},"content":{"rendered":"[vc_row type=\u00bbin_container\u00bb full_screen_row_position=\u00bbmiddle\u00bb column_margin=\u00bbdefault\u00bb column_direction=\u00bbdefault\u00bb column_direction_tablet=\u00bbdefault\u00bb column_direction_phone=\u00bbdefault\u00bb scene_position=\u00bbcenter\u00bb text_color=\u00bbdark\u00bb text_align=\u00bbleft\u00bb row_border_radius=\u00bbnone\u00bb row_border_radius_applies=\u00bbbg\u00bb overflow=\u00bbvisible\u00bb overlay_strength=\u00bb0.3&#8243; gradient_direction=\u00bbleft_to_right\u00bb shape_divider_position=\u00bbbottom\u00bb bg_image_animation=\u00bbnone\u00bb][vc_column column_padding=\u00bbno-extra-padding\u00bb column_padding_tablet=\u00bbinherit\u00bb column_padding_phone=\u00bbinherit\u00bb column_padding_position=\u00bball\u00bb column_element_direction_desktop=\u00bbdefault\u00bb column_element_spacing=\u00bbdefault\u00bb desktop_text_alignment=\u00bbdefault\u00bb tablet_text_alignment=\u00bbdefault\u00bb phone_text_alignment=\u00bbdefault\u00bb background_color_opacity=\u00bb1&#8243; background_hover_color_opacity=\u00bb1&#8243; column_backdrop_filter=\u00bbnone\u00bb column_shadow=\u00bbnone\u00bb column_border_radius=\u00bbnone\u00bb column_link_target=\u00bb_self\u00bb column_position=\u00bbdefault\u00bb gradient_direction=\u00bbleft_to_right\u00bb overlay_strength=\u00bb0.3&#8243; width=\u00bb1\/1&#8243; tablet_width_inherit=\u00bbdefault\u00bb animation_type=\u00bbdefault\u00bb bg_image_animation=\u00bbnone\u00bb border_type=\u00bbsimple\u00bb column_border_width=\u00bbnone\u00bb column_border_style=\u00bbsolid\u00bb][vc_column_text text_direction=\u00bbdefault\u00bb]\n<h3><strong>T\u00c9RMINOS, CONDICIONES Y POL\u00cdTICA DE PRIVACIDAD<\/strong><\/h3>\n<p> Al registrarte en nuestro sitio web y participar en nuestros concursos, aceptas estos T\u00e9rminos y Condiciones. Por favor, l\u00e9elas atentamente: \u00daLTIMA ACTUALIZACI\u00d3N: Abril, 2024  &nbsp;<\/p>\n<ol>\n<li><strong> DEFINICIONES<\/strong><\/li>\n<\/ol>\n<p>  \u00abUsuario\u00bb se refiere a cualquier persona que utilice nuestro sitio web, se registre en \u00e9l o participe en nuestros concursos. \u00abProyecto\u00bb se refiere a cualquier trabajo, material o documento presentado por un usuario en nuestros concursos a trav\u00e9s de nuestro sitio web.  &nbsp;<\/p>\n<ol start=\"2\">\n<li><strong> USO DEL SITIO WEB<\/strong><\/li>\n<\/ol>\n<p>  Los usuarios deben tener al menos 18 a\u00f1os para utilizar nuestro sitio web, registrarse en \u00e9l y participar en nuestros concursos. Al usar nuestro sitio web, garantizas que cumples con este requisito. Schools for Palestine se reserva el derecho a modificar o retirar, temporal o permanentemente, la informaci\u00f3n contenida en este sitio web (o cualquier parte de ella) con o sin previo aviso. &nbsp;<\/p>\n<ol start=\"3\">\n<li><strong> POL\u00cdTICA DE PRIVACIDAD Y PROTECCI\u00d3N DE DATOS<\/strong><\/li>\n<\/ol>\n<p> Schools for Palestine recopilar\u00e1, procesar\u00e1 y proteger\u00e1 los datos personales recogidos a trav\u00e9s de este sitio web de conformidad con el Reglamento General de Protecci\u00f3n de Datos de la UE y la legislaci\u00f3n espa\u00f1ola vigente en materia de protecci\u00f3n de datos. Al registrarte en nuestro sitio web o participar en nuestros concursos, consientes el tratamiento de tus datos personales de la manera y para los fines indicados a continuaci\u00f3n. 3.1.<br \/>\nWHAT PERSONAL DATA WE COLLECT We only collect the personal data that you provide to us when you register on our website and participate in our competitions.  Estos datos incluyen tu nombre, edad, nacionalidad, pa\u00eds de residencia, direcci\u00f3n de correo electr\u00f3nico y, si corresponde, la universidad donde estudias. 3.2.<br \/>\nHOW WE USE YOUR PERSONAL DATA We use your personal data exclusively to manage our competitions, communicate with you, and improve our website.  El env\u00edo de informaci\u00f3n sobre pr\u00f3ximos concursos u otra informaci\u00f3n comercial requiere consentimiento expreso, que puede ser revocado en cualquier momento. 3.3.<br \/>\nHOW WE PROTECT YOUR PERSONAL DATA We implement security measures to protect your personal data against unauthorized access or modification, disclosure or destruction.  Los datos personales recogidos no ser\u00e1n comunicados a terceros. S\u00f3lo podr\u00e1n acceder a estos datos el equipo de Schools for Palestine y los expertos que participen en las competiciones. Solo se podr\u00e1n comunicar datos necesarios y esenciales a proveedores de servicios que no estar\u00e1n autorizados a hacer ning\u00fan uso diferente de dichos datos. Estos datos tambi\u00e9n pueden ser compartidos con medios de comunicaci\u00f3n y a trav\u00e9s de redes sociales con el \u00fanico prop\u00f3sito de publicar y difundir los resultados de un concurso. Tambi\u00e9n pueden ser comunicados en el contexto de una investigaci\u00f3n judicial o cuando lo requiera una disposici\u00f3n legal. 3.4.<br \/>\nYOUR RIGHTS You have the right to access your personal data, rectify it, request its deletion, object to its processing, and request the limitation of its processing.<br \/>\nYou can exercise these rights through the following email: info@schoolsforpalestine.com 3.5.<br \/>\nDATA CONTROLLER Archstorming, S.L., CIF: B-55289433, C\/ Tom\u00e1s Boada 19, 17240, Llagostera, Girona (Spain).     &nbsp;<\/p>\n<ol start=\"4\">\n<li><strong> POL\u00cdTICA DE COOKIES<\/strong><\/li>\n<\/ol>\n<p>  4.1. \u00bfQU\u00c9 SON LAS COOKIES? Las cookies son peque\u00f1os archivos de texto que se almacenan en tu dispositivo cuando visitas nuestro sitio web y se utilizan para registrar las actividades del usuario durante su tiempo de navegaci\u00f3n. Son an\u00f3nimas y no pueden proporcionar datos personales por s\u00ed solas. 4.2. C\u00d3MO UTILIZAMOS LAS COOKIES Utilizamos cookies para recordar tus preferencias, entender c\u00f3mo usas nuestro sitio web, personalizar contenidos y publicidad y, en general, mejorar la experiencia del usuario en nuestro sitio web. 4.3.<br \/>\nHOW TO MANAGE COOKIES Upon entering our website, you will be able to accept or reject the use of cookies.  Tambi\u00e9n puedes gestionar las cookies a trav\u00e9s de la configuraci\u00f3n de tu navegador. Sin embargo, si desactivas las cookies, es posible que algunas partes de nuestro sitio web no funcionen correctamente.  &nbsp;<\/p>\n<ol start=\"5\">\n<li><strong> CONTENIDO DE TERCEROS<\/strong><\/li>\n<\/ol>\n<p>  Nuestro sitio web puede contener enlaces a sitios web de terceros. Schools for Palestine no se hace responsable del contenido ni de las pol\u00edticas de protecci\u00f3n de datos de estos sitios web de terceros. Asimismo, toda la informaci\u00f3n y comentarios subidos por los usuarios a trav\u00e9s de cualquier canal de participaci\u00f3n habilitado en el sitio web se consideran cedidos a Schools for Palestine.  Los usuarios son responsables de la legalidad y adecuaci\u00f3n del contenido que comparten a trav\u00e9s de estos canales de participaci\u00f3n. Schools for Palestine no ser\u00e1 responsable de dichos contenidos subidos por los usuarios y se reserva el derecho de publicarlos o retirarlos. &nbsp;<\/p>\n<ol start=\"6\">\n<li><strong> INFORMACI\u00d3N LEGAL<\/strong><\/li>\n<\/ol>\n<p>  El titular de este sitio web es Archstorming, S.L., con CIF: B-55289433, domicilio social en C\/ Tom\u00e1s Boada 19, Llagostera, Girona (Espa\u00f1a) e inscrita en el registro mercantil de Girona (Espa\u00f1a). Archstorming, S.L. se reserva todos los derechos sobre el dominio www.schoolsforpalestine.com, incluyendo su nombre, dise\u00f1o, c\u00f3digos fuente, estructura de navegaci\u00f3n y bases de datos, entre otros, as\u00ed como sobre la marca \u00abSchools for Palestine\u00bb y su logotipo, que est\u00e1n protegidos legalmente. El uso no autorizado por terceros llevar\u00e1 a responsabilidad y la correspondiente compensaci\u00f3n por da\u00f1os seg\u00fan la legislaci\u00f3n vigente. En todas las cuestiones que afecten al tr\u00e1fico jur\u00eddico o impliquen relaciones jur\u00eddicas con terceros u obligaciones legales, todas las referencias a \u00abSchools for Palestine\u00bb contenidas en las presentes Condiciones Generales se entender\u00e1n realizadas al titular de la marca, Archstorming, S.L., que es el \u00fanico sujeto que tiene capacidad jur\u00eddica para contraer obligaciones y reclamar sus derechos. &nbsp;<\/p>\n<ol start=\"7\">\n<li><strong> MODIFICACI\u00d3N DE LOS T\u00c9RMINOS Y CONDICIONES<\/strong><\/li>\n<\/ol>\n<p> Schools for Palestine se reserva el derecho a modificar estos T\u00e9rminos y Condiciones en cualquier momento. Las modificaciones entrar\u00e1n en vigor tras su publicaci\u00f3n en este sitio web y vincular\u00e1n directamente al usuario, quien tiene la obligaci\u00f3n de revisarlos peri\u00f3dicamente. La fecha de la \u00faltima modificaci\u00f3n de estos T\u00e9rminos y Condiciones se indicar\u00e1 siempre en la parte superior.  &nbsp;<\/p>\n<ol start=\"8\">\n<li><strong> LEY APLICABLE Y JURISDICCI\u00d3N<\/strong><\/li>\n<\/ol>\n<p>  Las presentes Condiciones Generales se rigen por la legislaci\u00f3n espa\u00f1ola. Cualquier disputa que surja en relaci\u00f3n con estos T\u00e9rminos y Condiciones se resolver\u00e1 en los tribunales de Espa\u00f1a.  &nbsp;<\/p>\n<h3><strong>REGLAS DE PARTICIPACI\u00d3N EN EL CONCURSO <\/strong><\/h3>\n<p>  \u00daLTIMA ACTUALIZACI\u00d3N abril, 2024  &nbsp;<\/p>\n<ol>\n<li><strong> ELEGIBILIDAD Y REGISTRO<\/strong><\/li>\n<\/ol>\n<p>  Los concursos est\u00e1n abiertos a cualquier persona mayor de 18 a\u00f1os, independientemente de su nacionalidad o disciplina. Para participar en un concurso, debes registrarte a trav\u00e9s de nuestro sitio web, pagar el precio estipulado y aceptar los T\u00e9rminos y Condiciones. El registro se realiza en equipos, que pueden estar compuestos por uno a cuatro participantes. Cada equipo registrado puede presentar un solo proyecto. Si un equipo desea presentar m\u00e1s de un proyecto, deber\u00e1 formalizar tantas inscripciones como proyectos desee presentar al concurso, abonando el precio correspondiente a cada inscripci\u00f3n.  &nbsp;<\/p>\n<ol start=\"2\">\n<li><strong> PRECIO Y PREMIOS<\/strong><\/li>\n<\/ol>\n<p>  El precio de inscripci\u00f3n es por equipo (no por persona) y var\u00eda en funci\u00f3n del periodo de inscripci\u00f3n. Hay dos per\u00edodos de inscripci\u00f3n; el precio para cada per\u00edodo est\u00e1 indicado en el sitio web y en el briefing. El precio no incluye el IVA. Para participar en nuestros concursos, debes registrarte a trav\u00e9s de nuestro sitio web y pagar el precio establecido. Una vez realizados correctamente el registro y el pago y otorgado el acceso a los materiales del concurso, no se aceptar\u00e1n cancelaciones ni reembolsos. A los premios anunciados se les aplicar\u00e1n las retenciones fiscales que correspondan seg\u00fan la legislaci\u00f3n fiscal espa\u00f1ola vigente.  &nbsp;<\/p>\n<ol start=\"3\">\n<li><strong> INFORMACI\u00d3N Y MATERIALES ADICIONALES<\/strong><\/li>\n<\/ol>\n<p>  Toda la informaci\u00f3n relevante de cada concurso, incluyendo su tema y requisitos, el jurado seleccionado, el plazo establecido, las instrucciones para la presentaci\u00f3n de proyectos o los premios concedidos, entre otros aspectos, se expondr\u00e1 en el briefing de cada concurso y en la secci\u00f3n correspondiente de la p\u00e1gina web. Adem\u00e1s, los concursos podr\u00e1n ir acompa\u00f1ados de material, documentaci\u00f3n e informaci\u00f3n adicional que se facilitar\u00e1 a los participantes tras su inscripci\u00f3n y el pago del precio correspondiente.  &nbsp;<\/p>\n<ol start=\"4\">\n<li><strong> SELECCI\u00d3N DE LOS GANADORES<\/strong><\/li>\n<\/ol>\n<p>  Los proyectos presentados que no cumplan con los requisitos de elegibilidad, con los T\u00e9rminos y Condiciones o con estas Normas de Participaci\u00f3n en el Concurso, ser\u00e1n descalificados. Posteriormente, los expertos de Schools for Palestine seleccionar\u00e1n los proyectos que mejor se ajusten a los criterios de evaluaci\u00f3n publicados. Estos proyectos seleccionados por Schools for Palestine se presentar\u00e1n al jurado, que los evaluar\u00e1 siguiendo los criterios de evaluaci\u00f3n publicados.  Los miembros del jurado podr\u00e1n tener acceso, si lo solicitan, a todos los proyectos presentados. Los ganadores ser\u00e1n elegidos por el jurado mediante votaciones individuales de los miembros y tras una reuni\u00f3n y debate conjuntos.  &nbsp;<\/p>\n<ol start=\"5\">\n<li><strong> PROPIEDAD INTELECTUAL<\/strong><\/li>\n<\/ol>\n<p>  Los usuarios garantizan que son los autores intelectuales de los proyectos presentados y que no infringen ning\u00fan derecho de propiedad intelectual con su presentaci\u00f3n al concurso. Los usuarios conservar\u00e1n los derechos de autor de sus proyectos. Sin embargo, al participar en un concurso y presentar un proyecto, conceden a Schools for Palestine una licencia mundial, gratuita y no exclusiva para utilizar, reproducir, publicar y distribuir el proyecto en cualquier formato y a trav\u00e9s de cualquier medio de difusi\u00f3n. &nbsp;<\/p>\n<ol start=\"6\">\n<li><strong> CANCELACI\u00d3N DEL CONCURSO<\/strong><\/li>\n<\/ol>\n<p>  Escuelas para Palestina se reserva el derecho a cancelar un concurso por falta de inscripciones, avisando previamente a los usuarios que ya se hayan inscrito y hayan pagado el precio. En este caso, se reembolsar\u00e1 el importe \u00edntegro del precio en un plazo de 15 d\u00edas a partir de la notificaci\u00f3n de la cancelaci\u00f3n.  &nbsp;<\/p>\n<ol start=\"7\">\n<li><strong> MODIFICACI\u00d3N DE LAS REGLAS DE PARTICIPACI\u00d3N EN EL CONCURSO<\/strong><\/li>\n<\/ol>\n<p>  Escuelas para Palestina se reserva el derecho a modificar en cualquier momento las presentes Normas de Participaci\u00f3n en el Concurso, siendo vinculantes para los usuarios desde el momento de su publicaci\u00f3n en el sitio web.<br \/>\nLa fecha de la \u00faltima modificaci\u00f3n se indicar\u00e1 en la parte superior. &nbsp;<strong>CONTACTO<\/strong> Si tienes alguna pregunta sobre estos T\u00e9rminos y Condiciones o sobre las Normas de Participaci\u00f3n en el Concurso, puedes ponerte en contacto con nosotros a trav\u00e9s de nuestro correo electr\u00f3nico: info@schoolsforpalestine.com. [\/vc_column_text][\/vc_column][\/vc_row]\n","protected":false},"excerpt":{"rendered":"<p>[vc_row type=\u00bbin_container\u00bb full_screen_row_position=\u00bbmiddle\u00bb column_margin=\u00bbdefault\u00bb column_direction=\u00bbdefault\u00bb column_direction_tablet=\u00bbdefault\u00bb column_direction_phone=\u00bbdefault\u00bb scene_position=\u00bbcenter\u00bb text_color=\u00bbdark\u00bb text_align=\u00bbleft\u00bb row_border_radius=\u00bbnone\u00bb row_border_radius_applies=\u00bbbg\u00bb overflow=\u00bbvisible\u00bb overlay_strength=\u00bb0.3&#8243; gradient_direction=\u00bbleft_to_right\u00bb shape_divider_position=\u00bbbottom\u00bb bg_image_animation=\u00bbnone\u00bb][vc_column column_padding=\u00bbno-extra-padding\u00bb column_padding_tablet=\u00bbinherit\u00bb column_padding_phone=\u00bbinherit\u00bb column_padding_position=\u00bball\u00bb column_element_direction_desktop=\u00bbdefault\u00bb column_element_spacing=\u00bbdefault\u00bb desktop_text_alignment=\u00bbdefault\u00bb tablet_text_alignment=\u00bbdefault\u00bb phone_text_alignment=\u00bbdefault\u00bb background_color_opacity=\u00bb1&#8243; background_hover_color_opacity=\u00bb1&#8243; column_backdrop_filter=\u00bbnone\u00bb column_shadow=\u00bbnone\u00bb&#8230;<\/p>\n","protected":false},"author":1,"featured_media":0,"parent":0,"menu_order":0,"comment_status":"closed","ping_status":"open","template":"","meta":{"om_disable_all_campaigns":false,"_monsterinsights_skip_tracking":false,"_monsterinsights_sitenote_active":false,"_monsterinsights_sitenote_note":"","_monsterinsights_sitenote_category":0,"_uf_show_specific_survey":0,"_uf_disable_surveys":false,"footnotes":""},"class_list":["post-1283","page","type-page","status-publish"],"aioseo_notices":[],"_links":{"self":[{"href":"https:\/\/schoolsforpalestine.com\/es\/wp-json\/wp\/v2\/pages\/1283","targetHints":{"allow":["GET"]}}],"collection":[{"href":"https:\/\/schoolsforpalestine.com\/es\/wp-json\/wp\/v2\/pages"}],"about":[{"href":"https:\/\/schoolsforpalestine.com\/es\/wp-json\/wp\/v2\/types\/page"}],"author":[{"embeddable":true,"href":"https:\/\/schoolsforpalestine.com\/es\/wp-json\/wp\/v2\/users\/1"}],"replies":[{"embeddable":true,"href":"https:\/\/schoolsforpalestine.com\/es\/wp-json\/wp\/v2\/comments?post=1283"}],"version-history":[{"count":33,"href":"https:\/\/schoolsforpalestine.com\/es\/wp-json\/wp\/v2\/pages\/1283\/revisions"}],"predecessor-version":[{"id":3196,"href":"https:\/\/schoolsforpalestine.com\/es\/wp-json\/wp\/v2\/pages\/1283\/revisions\/3196"}],"wp:attachment":[{"href":"https:\/\/schoolsforpalestine.com\/es\/wp-json\/wp\/v2\/media?parent=1283"}],"curies":[{"name":"wp","href":"https:\/\/api.w.org\/{rel}","templated":true}]}}