


{"id":3082,"date":"2024-08-13T14:59:12","date_gmt":"2024-08-13T12:59:12","guid":{"rendered":"https:\/\/schoolsforpalestine.com\/inscripcion-por-tunecino\/"},"modified":"2024-09-03T17:51:35","modified_gmt":"2024-09-03T15:51:35","slug":"inscripcion-por-tunecino","status":"publish","type":"page","link":"https:\/\/schoolsforpalestine.com\/es\/inscripcion-por-tunecino\/","title":{"rendered":"Registration por Tunisian"},"content":{"rendered":"[vc_row type=\u00bbfull_width_background\u00bb full_screen_row_position=\u00bbmiddle\u00bb column_margin=\u00bbdefault\u00bb column_direction=\u00bbdefault\u00bb column_direction_tablet=\u00bbdefault\u00bb column_direction_phone=\u00bbdefault\u00bb bg_color=\u00bb#ffffff\u00bb scene_position=\u00bbcenter\u00bb top_padding=\u00bb5%\u00bb bottom_padding=\u00bb2%\u00bb text_color=\u00bbdark\u00bb text_align=\u00bbleft\u00bb row_border_radius=\u00bbnone\u00bb row_border_radius_applies=\u00bbbg\u00bb overflow=\u00bbvisible\u00bb overlay_strength=\u00bb1&#8243; gradient_direction=\u00bbleft_to_right\u00bb shape_divider_position=\u00bbbottom\u00bb bg_image_animation=\u00bbnone\u00bb shape_type=\u00bb\u00bb][vc_column column_padding=\u00bbno-extra-padding\u00bb column_padding_tablet=\u00bbinherit\u00bb column_padding_phone=\u00bbinherit\u00bb column_padding_position=\u00bball\u00bb column_element_direction_desktop=\u00bbdefault\u00bb column_element_spacing=\u00bbdefault\u00bb desktop_text_alignment=\u00bbdefault\u00bb tablet_text_alignment=\u00bbdefault\u00bb phone_text_alignment=\u00bbdefault\u00bb background_color_opacity=\u00bb1&#8243; background_hover_color_opacity=\u00bb1&#8243; column_backdrop_filter=\u00bbnone\u00bb column_shadow=\u00bbnone\u00bb column_border_radius=\u00bbnone\u00bb column_link_target=\u00bb_self\u00bb column_position=\u00bbdefault\u00bb gradient_direction=\u00bbleft_to_right\u00bb overlay_strength=\u00bb0.3&#8243; width=\u00bb1\/1&#8243; tablet_width_inherit=\u00bbdefault\u00bb animation_type=\u00bbdefault\u00bb enable_animation=\u00bbtrue\u00bb animation=\u00bbfade-in-from-bottom\u00bb animation_easing=\u00bbdefault\u00bb bg_image_animation=\u00bbnone\u00bb border_type=\u00bbsimple\u00bb column_border_width=\u00bbnone\u00bb column_border_style=\u00bbsolid\u00bb][vc_row_inner column_margin=\u00bb90px\u00bb column_direction=\u00bbdefault\u00bb column_direction_tablet=\u00bbdefault\u00bb column_direction_phone=\u00bbdefault\u00bb text_align=\u00bbleft\u00bb row_position=\u00bbdefault\u00bb row_position_tablet=\u00bbinherit\u00bb row_position_phone=\u00bbinherit\u00bb overflow=\u00bbvisible\u00bb pointer_events=\u00bball\u00bb][vc_column_inner column_padding=\u00bbpadding-3-percent\u00bb column_padding_tablet=\u00bbinherit\u00bb column_padding_phone=\u00bbinherit\u00bb column_padding_position=\u00bbtop-bottom\u00bb column_element_direction_desktop=\u00bbdefault\u00bb column_element_spacing=\u00bbdefault\u00bb desktop_text_alignment=\u00bbdefault\u00bb tablet_text_alignment=\u00bbdefault\u00bb phone_text_alignment=\u00bbdefault\u00bb background_color_opacity=\u00bb1&#8243; background_hover_color_opacity=\u00bb1&#8243; column_backdrop_filter=\u00bbnone\u00bb column_shadow=\u00bbnone\u00bb column_border_radius=\u00bbnone\u00bb column_link_target=\u00bb_self\u00bb overflow=\u00bbvisible\u00bb gradient_direction=\u00bbleft_to_right\u00bb overlay_strength=\u00bb0.3&#8243; width=\u00bb1\/2&#8243; tablet_width_inherit=\u00bbdefault\u00bb animation_type=\u00bbdefault\u00bb enable_animation=\u00bbtrue\u00bb animation=\u00bbfade-in-from-bottom\u00bb animation_easing=\u00bbdefault\u00bb bg_image_animation=\u00bbnone\u00bb border_type=\u00bbsimple\u00bb column_border_width=\u00bbnone\u00bb column_border_style=\u00bbsolid\u00bb][vc_column_text css=\u00bb.vc_custom_1723551083771{margin-bottom: 10px !important;padding-right: 10% !important;}\u00bb text_direction=\u00bbdefault\u00bb]\n<h3>Tarifs R\u00e9duits pour les Tunisiens<\/h3>\n[\/vc_column_text][vc_column_text css=\u00bb.vc_custom_1724784562328{padding-right: 10% !important;}\u00bb text_direction=\u00bbdefault\u00bb]Gracias a la colaboraci\u00f3n con la ONG tunecina <em>Wallah We Can<\/em>, los ciudadanos tunecinos podr\u00e1n beneficiarse de una reducci\u00f3n especial en los costes de inscripci\u00f3n al concurso. <strong>M\u00e9todo de pago<\/strong>: Transfiere los gastos de inscripci\u00f3n directamente a nuestra ONG asociada, <em>Wallah We Can<\/em>. Aseg\u00farate de incluir tu nombre y apellidos como referencia de pago para que podamos seguir tu transferencia. Hay dos opciones disponibles:   <\/p>\n<ul>\n<li><strong>Estudiantes<\/strong>: Tarifa de <strong>100 dinares<\/strong>. Si quieres beneficiarte de la tarifa de estudiante, env\u00eda una solicitud de tu condici\u00f3n de estudiante a <strong><a href=\"mailto:bayram.zgolli@wallahwecan.org\">bayram.zgolli@wallahwecan.org<\/a><\/strong>. Si uno de los miembros del grupo es estudiante, ser\u00e1 suficiente para beneficiarse de la reducci\u00f3n.  <\/li>\n<li><strong>Profesionales<\/strong>: Tarifa de <strong>200 dinares<\/strong>.<\/li>\n<\/ul>\n[\/vc_column_text][vc_column_text css=\u00bb.vc_custom_1724784539948{padding-right: 10% !important;}\u00bb text_direction=\u00bbdefault\u00bb]<strong>\u26a0\ufe0f Confirmaci\u00f3n del pago \u26a0\ufe0f<\/strong>: Una vez efectuado el pago, env\u00eda una copia del justificante de pago a <strong><a href=\"mailto:bayram.zgolli@wallahwecan.org\">bayram.zgolli@wallahwecan.org<\/a><\/strong>. Es necesario para comprobar el pago y finalizar la inscripci\u00f3n. <strong>Acceso al material<\/strong>: Tras la confirmaci\u00f3n de tu pago, finalizaremos tu inscripci\u00f3n y te facilitaremos el acceso al material del concurso y al Espacio Participantes.[\/vc_column_text][\/vc_column_inner][vc_column_inner column_padding=\u00bbpadding-3-percent\u00bb column_padding_tablet=\u00bbinherit\u00bb column_padding_phone=\u00bbinherit\u00bb column_padding_position=\u00bbtop-bottom\u00bb column_element_direction_desktop=\u00bbdefault\u00bb column_element_spacing=\u00bbdefault\u00bb desktop_text_alignment=\u00bbdefault\u00bb tablet_text_alignment=\u00bbdefault\u00bb phone_text_alignment=\u00bbdefault\u00bb background_color_opacity=\u00bb1&#8243; background_hover_color_opacity=\u00bb1&#8243; column_backdrop_filter=\u00bbnone\u00bb column_shadow=\u00bbnone\u00bb column_border_radius=\u00bbnone\u00bb column_link_target=\u00bb_self\u00bb overflow=\u00bbvisible\u00bb gradient_direction=\u00bbleft_to_right\u00bb overlay_strength=\u00bb0.3&#8243; width=\u00bb1\/2&#8243; tablet_width_inherit=\u00bbdefault\u00bb animation_type=\u00bbdefault\u00bb enable_animation=\u00bbtrue\u00bb animation=\u00bbfade-in-from-bottom\u00bb animation_easing=\u00bbdefault\u00bb bg_image_animation=\u00bbnone\u00bb border_type=\u00bbsimple\u00bb column_border_width=\u00bbnone\u00bb column_border_style=\u00bbsolid\u00bb delay=\u00bb100&#8243;][vc_column_text css=\u00bb.vc_custom_1723551092847{margin-bottom: 10px !important;padding-right: 10% !important;}\u00bb text_direction=\u00bbdefault\u00bb]\n<h3>Informaci\u00f3n sobre la transferencia bancaria<\/h3>\n[\/vc_column_text][nectar_horizontal_list_item columns=\u00bb2&#8243; column_layout_using_2_columns=\u00bbmedium_last\u00bb col_1_text_align=\u00bbleft\u00bb col_2_text_align=\u00bbleft\u00bb col_1_text_element=\u00bbp\u00bb col_2_text_element=\u00bbh5&#8243; font_family=\u00bbp\u00bb hover_effect=\u00bbnone\u00bb icon_family=\u00bbnone\u00bb icon_size=\u00bbregular\u00bb col_1_content=\u00bbTitular de la cuenta bancaria\u00bb col_2_content=\u00bbASSOCIAT WALLAH PODEMOS\u00bb][nectar_horizontal_list_item columns=\u00bb2&#8243; column_layout_using_2_columns=\u00bbmedium_last\u00bb col_1_text_align=\u00bbleft\u00bb col_2_text_align=\u00bbleft\u00bb col_1_text_element=\u00bbp\u00bb col_2_text_element=\u00bbh5&#8243; font_family=\u00bbp\u00bb hover_effect=\u00bbnone\u00bb icon_family=\u00bbnone\u00bb icon_size=\u00bbregular\u00bb col_1_content=\u00bbRIB (Identificador nacional de cuenta bancaria)\u00bb col_2_content=\u00bb08 055 0200920020517 04&#8243;][nectar_horizontal_list_item columns=\u00bb2&#8243; column_layout_using_2_columns=\u00bbmedium_last\u00bb col_1_text_align=\u00bbleft\u00bb col_2_text_align=\u00bbleft\u00bb col_1_text_element=\u00bbp\u00bb col_2_text_element=\u00bbh5&#8243; font_family=\u00bbp\u00bb hover_effect=\u00bbnone\u00bb icon_family=\u00bbnone\u00bb icon_size=\u00bbregular\u00bb col_1_content=\u00bbIBAN (Identificador internacional de cuenta bancaria)\u00bb col_2_content=\u00bbTN59 0805 5020 0920 0205 1704&#8243;][nectar_horizontal_list_item columns=\u00bb2&#8243; column_layout_using_2_columns=\u00bbmedium_last\u00bb col_1_text_align=\u00bbleft\u00bb col_2_text_align=\u00bbleft\u00bb col_1_text_element=\u00bbp\u00bb col_2_text_element=\u00bbh5&#8243; font_family=\u00bbp\u00bb hover_effect=\u00bbnone\u00bb icon_family=\u00bbnone\u00bb icon_size=\u00bbregular\u00bb col_1_content=\u00bbBIC (C\u00f3digo Banque)\u00bb col_2_content=\u00bbBIATTNTT\u00bb][nectar_horizontal_list_item columns=\u00bb2&#8243; column_layout_using_2_columns=\u00bbmedium_last\u00bb col_1_text_align=\u00bbleft\u00bb col_2_text_align=\u00bbleft\u00bb col_1_text_element=\u00bbp\u00bb col_2_text_element=\u00bbh5&#8243; font_family=\u00bbp\u00bb hover_effect=\u00bbnone\u00bb icon_family=\u00bbnone\u00bb icon_size=\u00bbregular\u00bb col_1_content=\u00bbAgencia\u00bb col_2_content=\u00bbAGENCE MARSA SAF (K9)\u00bb][\/vc_column_inner][\/vc_row_inner][\/vc_column][\/vc_row]\n","protected":false},"excerpt":{"rendered":"<p>[vc_row type=\u00bbfull_width_background\u00bb full_screen_row_position=\u00bbmiddle\u00bb column_margin=\u00bbdefault\u00bb column_direction=\u00bbdefault\u00bb column_direction_tablet=\u00bbdefault\u00bb column_direction_phone=\u00bbdefault\u00bb bg_color=\u00bb#ffffff\u00bb scene_position=\u00bbcenter\u00bb top_padding=\u00bb5%\u00bb bottom_padding=\u00bb2%\u00bb text_color=\u00bbdark\u00bb text_align=\u00bbleft\u00bb row_border_radius=\u00bbnone\u00bb row_border_radius_applies=\u00bbbg\u00bb overflow=\u00bbvisible\u00bb overlay_strength=\u00bb1&#8243; gradient_direction=\u00bbleft_to_right\u00bb shape_divider_position=\u00bbbottom\u00bb bg_image_animation=\u00bbnone\u00bb shape_type=\u00bb\u00bb][vc_column column_padding=\u00bbno-extra-padding\u00bb column_padding_tablet=\u00bbinherit\u00bb column_padding_phone=\u00bbinherit\u00bb column_padding_position=\u00bball\u00bb column_element_direction_desktop=\u00bbdefault\u00bb column_element_spacing=\u00bbdefault\u00bb desktop_text_alignment=\u00bbdefault\u00bb tablet_text_alignment=\u00bbdefault\u00bb phone_text_alignment=\u00bbdefault\u00bb&#8230;<\/p>\n","protected":false},"author":1,"featured_media":0,"parent":0,"menu_order":0,"comment_status":"closed","ping_status":"closed","template":"","meta":{"om_disable_all_campaigns":false,"_monsterinsights_skip_tracking":false,"_monsterinsights_sitenote_active":false,"_monsterinsights_sitenote_note":"","_monsterinsights_sitenote_category":0,"_uf_show_specific_survey":0,"_uf_disable_surveys":false,"footnotes":""},"class_list":["post-3082","page","type-page","status-publish"],"aioseo_notices":[],"_links":{"self":[{"href":"https:\/\/schoolsforpalestine.com\/es\/wp-json\/wp\/v2\/pages\/3082","targetHints":{"allow":["GET"]}}],"collection":[{"href":"https:\/\/schoolsforpalestine.com\/es\/wp-json\/wp\/v2\/pages"}],"about":[{"href":"https:\/\/schoolsforpalestine.com\/es\/wp-json\/wp\/v2\/types\/page"}],"author":[{"embeddable":true,"href":"https:\/\/schoolsforpalestine.com\/es\/wp-json\/wp\/v2\/users\/1"}],"replies":[{"embeddable":true,"href":"https:\/\/schoolsforpalestine.com\/es\/wp-json\/wp\/v2\/comments?post=3082"}],"version-history":[{"count":13,"href":"https:\/\/schoolsforpalestine.com\/es\/wp-json\/wp\/v2\/pages\/3082\/revisions"}],"predecessor-version":[{"id":3392,"href":"https:\/\/schoolsforpalestine.com\/es\/wp-json\/wp\/v2\/pages\/3082\/revisions\/3392"}],"wp:attachment":[{"href":"https:\/\/schoolsforpalestine.com\/es\/wp-json\/wp\/v2\/media?parent=3082"}],"curies":[{"name":"wp","href":"https:\/\/api.w.org\/{rel}","templated":true}]}}