


{"id":3098,"date":"2024-04-20T21:37:09","date_gmt":"2024-04-20T19:37:09","guid":{"rendered":"https:\/\/schoolsforpalestine.com\/panier\/"},"modified":"2024-08-15T18:34:36","modified_gmt":"2024-08-15T16:34:36","slug":"panier","status":"publish","type":"page","link":"https:\/\/schoolsforpalestine.com\/fr\/panier\/","title":{"rendered":"Panier"},"content":{"rendered":"<div data-block-name=\"woocommerce\/cart\" class=\"wp-block-woocommerce-cart alignwide is-loading\"><div data-block-name=\"woocommerce\/filled-cart-block\" class=\"wp-block-woocommerce-filled-cart-block\"><div data-block-name=\"woocommerce\/cart-items-block\" class=\"wp-block-woocommerce-cart-items-block\"><div data-block-name=\"woocommerce\/cart-line-items-block\" class=\"wp-block-woocommerce-cart-line-items-block\"><\/div>\n\n<div data-block-name=\"woocommerce\/cart-cross-sells-block\" class=\"wp-block-woocommerce-cart-cross-sells-block\"><h2 class=\"wp-block-heading has-large-font-size\">Vous pourriez \u00eatre int\u00e9ress\u00e9 par&#8230;<\/h2>\n\n<div data-block-name=\"woocommerce\/cart-cross-sells-products-block\" class=\"wp-block-woocommerce-cart-cross-sells-products-block\"><\/div><\/div><\/div>\n\n<div data-block-name=\"woocommerce\/cart-totals-block\" class=\"wp-block-woocommerce-cart-totals-block\"><div data-block-name=\"woocommerce\/cart-order-summary-block\" class=\"wp-block-woocommerce-cart-order-summary-block\"><div data-block-name=\"woocommerce\/cart-order-summary-heading-block\" class=\"wp-block-woocommerce-cart-order-summary-heading-block\"><\/div><div data-block-name=\"woocommerce\/cart-order-summary-coupon-form-block\" class=\"wp-block-woocommerce-cart-order-summary-coupon-form-block\"><\/div><div data-block-name=\"woocommerce\/cart-order-summary-totals-block\" class=\"wp-block-woocommerce-cart-order-summary-totals-block\">\n<div data-block-name=\"woocommerce\/cart-order-summary-subtotal-block\" class=\"wp-block-woocommerce-cart-order-summary-subtotal-block\"><\/div>\n<div data-block-name=\"woocommerce\/cart-order-summary-discount-block\" class=\"wp-block-woocommerce-cart-order-summary-discount-block\"><\/div>\n<div data-block-name=\"woocommerce\/cart-order-summary-fee-block\" class=\"wp-block-woocommerce-cart-order-summary-fee-block\"><\/div>\n<div data-block-name=\"woocommerce\/cart-order-summary-shipping-block\" class=\"wp-block-woocommerce-cart-order-summary-shipping-block\"><\/div>\n<div data-block-name=\"woocommerce\/cart-order-summary-taxes-block\" class=\"wp-block-woocommerce-cart-order-summary-taxes-block\"><\/div><\/div><\/div>\n\n<div data-block-name=\"woocommerce\/cart-express-payment-block\" class=\"wp-block-woocommerce-cart-express-payment-block\"><\/div>\n\n<div data-block-name=\"woocommerce\/proceed-to-checkout-block\" class=\"wp-block-woocommerce-proceed-to-checkout-block\"><\/div>\n\n<div data-block-name=\"woocommerce\/cart-accepted-payment-methods-block\" class=\"wp-block-woocommerce-cart-accepted-payment-methods-block\"><\/div><\/div><\/div>\n\n<div data-block-name=\"woocommerce\/empty-cart-block\" class=\"wp-block-woocommerce-empty-cart-block\"><h2 class=\"wp-block-heading has-text-align-center with-empty-cart-icon wc-block-cart__empty-cart__title\">Votre panier est actuellement vide !<\/h2>\n\n<hr class=\"wp-block-separator has-alpha-channel-opacity is-style-dots\"\/>\n\n<h2 class=\"wp-block-heading has-text-align-center\">Nouveau en magasin<\/h2>\n\n<div data-block-name=\"woocommerce\/product-new\" data-columns=\"4\" data-rows=\"1\" class=\"wc-block-grid wp-block-product-new wp-block-woocommerce-product-new wc-block-product-new has-4-columns\"><ul class=\"wc-block-grid__products\"><li class=\"wc-block-grid__product\">\n\t\t\t\t<a href=\"https:\/\/schoolsforpalestine.com\/fr\/product\/schoolsforpalestine\/\" class=\"wc-block-grid__product-link\">\n\t\t\t\t\t<div class=\"wc-block-grid__product-onsale\">\n\t\t\t<span aria-hidden=\"true\">Promo<\/span>\n\t\t\t<span class=\"screen-reader-text\">Produit en promotion<\/span>\n\t\t<\/div>\n\t\t\t\t\t<div class=\"wc-block-grid__product-image\"><img loading=\"lazy\" decoding=\"async\" width=\"300\" height=\"300\" src=\"https:\/\/schoolsforpalestine.com\/wp-content\/uploads\/2024\/04\/BANNER-SQUARE-1-300x300.jpg\" class=\"attachment-woocommerce_thumbnail size-woocommerce_thumbnail\" alt=\"Schools for Palestine - Architecture Competition\" srcset=\"https:\/\/schoolsforpalestine.com\/wp-content\/uploads\/2024\/04\/BANNER-SQUARE-1-300x300.jpg 300w, https:\/\/schoolsforpalestine.com\/wp-content\/uploads\/2024\/04\/BANNER-SQUARE-1-1024x1024.jpg 1024w, https:\/\/schoolsforpalestine.com\/wp-content\/uploads\/2024\/04\/BANNER-SQUARE-1-150x150.jpg 150w, https:\/\/schoolsforpalestine.com\/wp-content\/uploads\/2024\/04\/BANNER-SQUARE-1-768x768.jpg 768w, https:\/\/schoolsforpalestine.com\/wp-content\/uploads\/2024\/04\/BANNER-SQUARE-1-140x140.jpg 140w, https:\/\/schoolsforpalestine.com\/wp-content\/uploads\/2024\/04\/BANNER-SQUARE-1-100x100.jpg 100w, https:\/\/schoolsforpalestine.com\/wp-content\/uploads\/2024\/04\/BANNER-SQUARE-1-350x350.jpg 350w, https:\/\/schoolsforpalestine.com\/wp-content\/uploads\/2024\/04\/BANNER-SQUARE-1-800x800.jpg 800w, https:\/\/schoolsforpalestine.com\/wp-content\/uploads\/2024\/04\/BANNER-SQUARE-1-600x600.jpg 600w, https:\/\/schoolsforpalestine.com\/wp-content\/uploads\/2024\/04\/BANNER-SQUARE-1.jpg 1280w\" sizes=\"auto, (max-width: 300px) 100vw, 300px\" \/><\/div>\n\t\t\t\t\t<div class=\"wc-block-grid__product-title\">Schools for Palestine &#8211; Architecture Competition<\/div>\n\t\t\t\t<\/a>\n\t\t\t\t<div class=\"wc-block-grid__product-price price\"><del aria-hidden=\"true\"><span class=\"woocommerce-Price-amount amount\">130,00&nbsp;<span class=\"woocommerce-Price-currencySymbol\">&euro;<\/span><\/span><\/del> <span class=\"screen-reader-text\">Le prix initial \u00e9tait\u00a0: 130,00&nbsp;&euro;.<\/span><ins aria-hidden=\"true\"><span class=\"woocommerce-Price-amount amount\">99,00&nbsp;<span class=\"woocommerce-Price-currencySymbol\">&euro;<\/span><\/span><\/ins><span class=\"screen-reader-text\">Le prix actuel est\u00a0: 99,00&nbsp;&euro;.<\/span><\/div>\n\t\t\t\t\n\t\t\t\t<div class=\"wp-block-button wc-block-grid__product-add-to-cart\"><a href=\"?add-to-cart=1481\" aria-label=\"Ajouter au panier\u00a0: &ldquo;Schools for Palestine - Architecture Competition&rdquo;\" data-quantity=\"1\" data-product_id=\"1481\" data-product_sku=\"\" data-price=\"99\" rel=\"nofollow\" class=\"wp-block-button__link  add_to_cart_button ajax_add_to_cart\">Ajouter au panier<\/a><\/div>\n\t\t\t<\/li><\/ul><\/div><\/div><\/div>","protected":false},"excerpt":{"rendered":"Vous pourriez \u00eatre int\u00e9ress\u00e9 par... Votre panier est actuellement vide ! Nouveau en magasin","protected":false},"author":1,"featured_media":0,"parent":0,"menu_order":0,"comment_status":"closed","ping_status":"closed","template":"","meta":{"om_disable_all_campaigns":false,"_monsterinsights_skip_tracking":false,"_monsterinsights_sitenote_active":false,"_monsterinsights_sitenote_note":"","_monsterinsights_sitenote_category":0,"_uf_show_specific_survey":0,"_uf_disable_surveys":false,"footnotes":""},"class_list":["post-3098","page","type-page","status-publish"],"aioseo_notices":[],"_links":{"self":[{"href":"https:\/\/schoolsforpalestine.com\/fr\/wp-json\/wp\/v2\/pages\/3098","targetHints":{"allow":["GET"]}}],"collection":[{"href":"https:\/\/schoolsforpalestine.com\/fr\/wp-json\/wp\/v2\/pages"}],"about":[{"href":"https:\/\/schoolsforpalestine.com\/fr\/wp-json\/wp\/v2\/types\/page"}],"author":[{"embeddable":true,"href":"https:\/\/schoolsforpalestine.com\/fr\/wp-json\/wp\/v2\/users\/1"}],"replies":[{"embeddable":true,"href":"https:\/\/schoolsforpalestine.com\/fr\/wp-json\/wp\/v2\/comments?post=3098"}],"version-history":[{"count":1,"href":"https:\/\/schoolsforpalestine.com\/fr\/wp-json\/wp\/v2\/pages\/3098\/revisions"}],"predecessor-version":[{"id":3099,"href":"https:\/\/schoolsforpalestine.com\/fr\/wp-json\/wp\/v2\/pages\/3098\/revisions\/3099"}],"wp:attachment":[{"href":"https:\/\/schoolsforpalestine.com\/fr\/wp-json\/wp\/v2\/media?parent=3098"}],"curies":[{"name":"wp","href":"https:\/\/api.w.org\/{rel}","templated":true}]}}