


{"id":3109,"date":"2024-04-18T11:44:49","date_gmt":"2024-04-18T09:44:49","guid":{"rendered":"https:\/\/schoolsforpalestine.com\/faq-schools-for-palestine\/"},"modified":"2024-11-04T15:44:23","modified_gmt":"2024-11-04T14:44:23","slug":"faq-schools-for-palestine","status":"publish","type":"page","link":"https:\/\/schoolsforpalestine.com\/fr\/faq-schools-for-palestine\/","title":{"rendered":"FAQ &#8211; Schools for Palestine"},"content":{"rendered":"[vc_row type=\u00a0\u00bbfull_width_background\u00a0\u00bb full_screen_row_position=\u00a0\u00bbmiddle\u00a0\u00bb column_margin=\u00a0\u00bbdefault\u00a0\u00bb column_direction=\u00a0\u00bbdefault\u00a0\u00bb column_direction_tablet=\u00a0\u00bbdefault\u00a0\u00bb column_direction_phone=\u00a0\u00bbdefault\u00a0\u00bb scene_position=\u00a0\u00bbcenter\u00a0\u00bb top_padding=\u00a0\u00bb8%\u00a0\u00bb left_padding_desktop=\u00a0\u00bb10%\u00a0\u00bb constrain_group_2=\u00a0\u00bbyes\u00a0\u00bb right_padding_desktop=\u00a0\u00bb10%\u00a0\u00bb text_color=\u00a0\u00bbdark\u00a0\u00bb text_align=\u00a0\u00bbleft\u00a0\u00bb row_border_radius=\u00a0\u00bbnone\u00a0\u00bb row_border_radius_applies=\u00a0\u00bbbg\u00a0\u00bb overflow=\u00a0\u00bbvisible\u00a0\u00bb overlay_strength=\u00a0\u00bb0.3&Prime; gradient_direction=\u00a0\u00bbleft_to_right\u00a0\u00bb shape_divider_position=\u00a0\u00bbbottom\u00a0\u00bb bg_image_animation=\u00a0\u00bbnone\u00a0\u00bb gradient_type=\u00a0\u00bbdefault\u00a0\u00bb shape_type=\u00a0\u00bb\u00a0\u00bb][vc_column column_padding=\u00a0\u00bbno-extra-padding\u00a0\u00bb column_padding_tablet=\u00a0\u00bbinherit\u00a0\u00bb column_padding_phone=\u00a0\u00bbinherit\u00a0\u00bb column_padding_position=\u00a0\u00bball\u00a0\u00bb column_element_direction_desktop=\u00a0\u00bbdefault\u00a0\u00bb column_element_spacing=\u00a0\u00bbdefault\u00a0\u00bb desktop_text_alignment=\u00a0\u00bbdefault\u00a0\u00bb tablet_text_alignment=\u00a0\u00bbdefault\u00a0\u00bb phone_text_alignment=\u00a0\u00bbdefault\u00a0\u00bb background_color_opacity=\u00a0\u00bb1&Prime; background_hover_color_opacity=\u00a0\u00bb1&Prime; column_backdrop_filter=\u00a0\u00bbnone\u00a0\u00bb column_shadow=\u00a0\u00bbnone\u00a0\u00bb column_border_radius=\u00a0\u00bbnone\u00a0\u00bb column_link_target=\u00a0\u00bb_self\u00a0\u00bb column_position=\u00a0\u00bbdefault\u00a0\u00bb gradient_direction=\u00a0\u00bbleft_to_right\u00a0\u00bb overlay_strength=\u00a0\u00bb0.3&Prime; width=\u00a0\u00bb1\/1&Prime; tablet_width_inherit=\u00a0\u00bbdefault\u00a0\u00bb animation_type=\u00a0\u00bbdefault\u00a0\u00bb bg_image_animation=\u00a0\u00bbnone\u00a0\u00bb border_type=\u00a0\u00bbsimple\u00a0\u00bb column_border_width=\u00a0\u00bbnone\u00a0\u00bb column_border_style=\u00a0\u00bbsolid\u00a0\u00bb][vc_row_inner column_margin=\u00a0\u00bbdefault\u00a0\u00bb column_direction=\u00a0\u00bbdefault\u00a0\u00bb column_direction_tablet=\u00a0\u00bbdefault\u00a0\u00bb column_direction_phone=\u00a0\u00bbdefault\u00a0\u00bb bottom_padding=\u00a0\u00bb4%\u00a0\u00bb text_align=\u00a0\u00bbleft\u00a0\u00bb row_position=\u00a0\u00bbdefault\u00a0\u00bb row_position_tablet=\u00a0\u00bbinherit\u00a0\u00bb row_position_phone=\u00a0\u00bbinherit\u00a0\u00bb overflow=\u00a0\u00bbvisible\u00a0\u00bb pointer_events=\u00a0\u00bball\u00a0\u00bb][vc_column_inner column_padding=\u00a0\u00bbno-extra-padding\u00a0\u00bb column_padding_tablet=\u00a0\u00bbinherit\u00a0\u00bb column_padding_phone=\u00a0\u00bbinherit\u00a0\u00bb column_padding_position=\u00a0\u00bball\u00a0\u00bb column_element_direction_desktop=\u00a0\u00bbdefault\u00a0\u00bb column_element_spacing=\u00a0\u00bbdefault\u00a0\u00bb centered_text=\u00a0\u00bbtrue\u00a0\u00bb desktop_text_alignment=\u00a0\u00bbdefault\u00a0\u00bb tablet_text_alignment=\u00a0\u00bbdefault\u00a0\u00bb phone_text_alignment=\u00a0\u00bbdefault\u00a0\u00bb background_color_opacity=\u00a0\u00bb1&Prime; background_hover_color_opacity=\u00a0\u00bb1&Prime; column_backdrop_filter=\u00a0\u00bbnone\u00a0\u00bb column_shadow=\u00a0\u00bbnone\u00a0\u00bb column_border_radius=\u00a0\u00bbnone\u00a0\u00bb column_link_target=\u00a0\u00bb_self\u00a0\u00bb overflow=\u00a0\u00bbvisible\u00a0\u00bb advanced_gradient_angle=\u00a0\u00bb0&Prime; gradient_direction=\u00a0\u00bbleft_to_right\u00a0\u00bb overlay_strength=\u00a0\u00bb0.3&Prime; width=\u00a0\u00bb1\/1&Prime; tablet_width_inherit=\u00a0\u00bbdefault\u00a0\u00bb animation_type=\u00a0\u00bbdefault\u00a0\u00bb bg_image_animation=\u00a0\u00bbnone\u00a0\u00bb border_type=\u00a0\u00bbsimple\u00a0\u00bb column_border_width=\u00a0\u00bbnone\u00a0\u00bb column_border_style=\u00a0\u00bbsolid\u00a0\u00bb gradient_type=\u00a0\u00bbdefault\u00a0\u00bb][nectar_highlighted_text style=\u00a0\u00bbnone\u00a0\u00bb custom_font_size=\u00a0\u00bb3vw\u00a0\u00bb font_size_tablet=\u00a0\u00bb6vw\u00a0\u00bb font_line_height=\u00a0\u00bb1.2&Prime;]\n<h1>Foire aux questions<\/h1>\n[\/nectar_highlighted_text][\/vc_column_inner][\/vc_row_inner][\/vc_column][\/vc_row][vc_row type=\u00a0\u00bbfull_width_content\u00a0\u00bb full_screen_row_position=\u00a0\u00bbmiddle\u00a0\u00bb column_margin=\u00a0\u00bbcustom\u00a0\u00bb column_margin_custom=\u00a0\u00bb7vw\u00a0\u00bb equal_height=\u00a0\u00bbyes\u00a0\u00bb content_placement=\u00a0\u00bbmiddle\u00a0\u00bb column_direction=\u00a0\u00bbdefault\u00a0\u00bb column_direction_tablet=\u00a0\u00bbdefault\u00a0\u00bb column_direction_phone=\u00a0\u00bbdefault\u00a0\u00bb bg_color=\u00a0\u00bb#f8f8f8&Prime; scene_position=\u00a0\u00bbcenter\u00a0\u00bb top_padding=\u00a0\u00bb3%\u00a0\u00bb bottom_padding=\u00a0\u00bb12%\u00a0\u00bb left_padding_desktop=\u00a0\u00bb7vw\u00a0\u00bb constrain_group_2=\u00a0\u00bbyes\u00a0\u00bb right_padding_desktop=\u00a0\u00bb7vw\u00a0\u00bb text_color=\u00a0\u00bbdark\u00a0\u00bb text_align=\u00a0\u00bbleft\u00a0\u00bb row_border_radius=\u00a0\u00bbnone\u00a0\u00bb row_border_radius_applies=\u00a0\u00bbbg\u00a0\u00bb overflow=\u00a0\u00bbvisible\u00a0\u00bb advanced_gradient_angle=\u00a0\u00bb0&Prime; overlay_strength=\u00a0\u00bb0.8&Prime; gradient_direction=\u00a0\u00bbleft_to_right\u00a0\u00bb enable_shape_divider=\u00a0\u00bbtrue\u00a0\u00bb shape_divider_color=\u00a0\u00bb#000000&Prime; shape_divider_position=\u00a0\u00bbbottom\u00a0\u00bb shape_divider_height=\u00a0\u00bb99%\u00a0\u00bb bg_image_animation=\u00a0\u00bbclip-path\u00a0\u00bb clip_path_animation_type=\u00a0\u00bbscroll\u00a0\u00bb clip_path_animation_applies=\u00a0\u00bbdefault\u00a0\u00bb clip_path_start_bottom_desktop=\u00a0\u00bb0&Prime; clip_path_start_left_desktop=\u00a0\u00bb0&Prime; clip_path_start_right_desktop=\u00a0\u00bb0&Prime; clip_path_end_bottom_desktop=\u00a0\u00bb4%\u00a0\u00bb clip_path_end_left_desktop=\u00a0\u00bb4%\u00a0\u00bb clip_path_end_right_desktop=\u00a0\u00bb4%\u00a0\u00bb clip_path_start_roundness=\u00a0\u00bb0&Prime; clip_path_end_roundness=\u00a0\u00bb20&Prime; animation_trigger_offset=\u00a0\u00bb32.00,50.00&Prime; animation_trigger_origin=\u00a0\u00bbbottom\u00a0\u00bb shape_type=\u00a0\u00bbstraight_section\u00a0\u00bb gradient_type=\u00a0\u00bbdefault\u00a0\u00bb][vc_column left_padding_desktop=\u00a0\u00bb2vw\u00a0\u00bb column_element_direction_desktop=\u00a0\u00bbdefault\u00a0\u00bb column_element_spacing=\u00a0\u00bbdefault\u00a0\u00bb desktop_text_alignment=\u00a0\u00bbdefault\u00a0\u00bb tablet_text_alignment=\u00a0\u00bbdefault\u00a0\u00bb phone_text_alignment=\u00a0\u00bbdefault\u00a0\u00bb background_color_opacity=\u00a0\u00bb1&Prime; background_hover_color_opacity=\u00a0\u00bb1&Prime; column_backdrop_filter=\u00a0\u00bbnone\u00a0\u00bb column_shadow=\u00a0\u00bbnone\u00a0\u00bb column_border_radius=\u00a0\u00bbnone\u00a0\u00bb column_link_target=\u00a0\u00bb_self\u00a0\u00bb column_position=\u00a0\u00bbdefault\u00a0\u00bb advanced_gradient_angle=\u00a0\u00bb0&Prime; gradient_direction=\u00a0\u00bbleft_to_right\u00a0\u00bb overlay_strength=\u00a0\u00bb0.3&Prime; width=\u00a0\u00bb1\/2&Prime; tablet_width_inherit=\u00a0\u00bbdefault\u00a0\u00bb animation_type=\u00a0\u00bbdefault\u00a0\u00bb bg_image_animation=\u00a0\u00bbnone\u00a0\u00bb border_type=\u00a0\u00bbsimple\u00a0\u00bb column_border_width=\u00a0\u00bbnone\u00a0\u00bb column_border_style=\u00a0\u00bbsolid\u00a0\u00bb column_padding_type=\u00a0\u00bbadvanced\u00a0\u00bb gradient_type=\u00a0\u00bbdefault\u00a0\u00bb][toggles style=\u00a0\u00bbminimal_shadow\u00a0\u00bb accordion=\u00a0\u00bbtrue\u00a0\u00bb accordion_starting_functionality=\u00a0\u00bbdefault\u00a0\u00bb border_radius=\u00a0\u00bbnone\u00a0\u00bb][toggle color=\u00a0\u00bbDefault\u00a0\u00bb heading_tag=\u00a0\u00bbh3&Prime; heading_tag_functionality=\u00a0\u00bbdefault\u00a0\u00bb title=\u00a0\u00bbIl existe des divergences entre la pente et les dimensions du site d\u00e9crites dans le fichier AutoCAD et d&#039;autres sources telles que la carte topographique ou Google Earth. Quelles sont les informations correctes ? \u00ab\u00a0][vc_column_text text_direction=\u00a0\u00bbdefault\u00a0\u00bb]Vous devez vous r\u00e9f\u00e9rer aux sp\u00e9cifications fournies dans le fichier AutoCAD (DWG), qui contient les donn\u00e9es topographiques pr\u00e9cises pour une zone de 34&#215;55 m\u00e8tres avec une pente de 15 m\u00e8tres, fournies par l&rsquo;\u00e9quipe sur place. Gardez \u00e0 l&rsquo;esprit que les caract\u00e9ristiques du terrain ne doivent pas trop contraindre votre conception, car nous recherchons des solutions flexibles qui peuvent \u00eatre facilement adapt\u00e9es \u00e0 diff\u00e9rents types de terrain avec un minimum de changements.[\/vc_column_text][\/toggle][toggle color=\u00a0\u00bbDefault\u00a0\u00bb heading_tag=\u00a0\u00bbh3&Prime; heading_tag_functionality=\u00a0\u00bbdefault\u00a0\u00bb title=\u00a0\u00bbDu point de vue de la construction et de la structure, est-il possible d&#039;utiliser des mat\u00e9riaux tels que des tuyaux d&#039;\u00e9chafaudage, des poutres en bois ou en m\u00e9tal ? Tous les \u00e9l\u00e9ments structurels doivent-ils \u00eatre assembl\u00e9s sur place ou peuvent-ils \u00eatre pr\u00e9fabriqu\u00e9s par une main-d&#039;\u0153uvre sp\u00e9cialis\u00e9e (par exemple, les \u00e9l\u00e9ments n\u00e9cessitant une soudure, etc.) ? \u00ab\u00a0][vc_column_text text_direction=\u00a0\u00bbdefault\u00a0\u00bb]Oui, des mat\u00e9riaux tels que des tuyaux d&rsquo;\u00e9chafaudage et des poutres en bois ou en m\u00e9tal peuvent \u00eatre utilis\u00e9s dans votre projet. Cependant, veuillez privil\u00e9gier l&rsquo;utilisation de mat\u00e9riaux disponibles localement qui peuvent \u00eatre facilement assembl\u00e9s et d\u00e9sassembl\u00e9s par des \u00e9quipes locales avec un minimum de main-d&rsquo;\u0153uvre sp\u00e9cialis\u00e9e. Cette approche permet de s&rsquo;assurer que les structures sont pratiques et qu&rsquo;il est possible de les construire et de les d\u00e9construire dans la limite des ressources disponibles.[\/vc_column_text][\/toggle][toggle color=\u00a0\u00bbDefault\u00a0\u00bb heading_tag=\u00a0\u00bbh3&Prime; heading_tag_functionality=\u00a0\u00bbdefault\u00a0\u00bb title=\u00a0\u00bbLe projet doit-il accueillir un total de 200 personnes ou doit-il comprendre des salles de classe pour 200 personnes chacune ?\u00a0\u00bb][vc_column_text text_direction=\u00a0\u00bbdefault\u00a0\u00bb]Le projet devrait avoir une capacit\u00e9 totale d&rsquo;accueil de 200 \u00e9tudiants. En ce qui concerne la disposition des salles de classe, il devrait y avoir 4 grandes salles de classe, chacune pouvant \u00eatre divis\u00e9e en 2 ou 3 salles de classe plus petites. Il en r\u00e9sulterait un total de 8 \u00e0 12 espaces plus petits lorsque toutes les salles de classe sont divis\u00e9es. De cette mani\u00e8re, l&rsquo;espace est optimis\u00e9 pour accueillir les \u00e9tudiants de mani\u00e8re flexible en fonction des besoins.[\/vc_column_text][\/toggle][toggle color=\u00a0\u00bbDefault\u00a0\u00bb heading_tag=\u00a0\u00bbh3&Prime; heading_tag_functionality=\u00a0\u00bbdefault\u00a0\u00bb title=\u00a0\u00bbLes salles de bains doivent pr\u00e9senter des caract\u00e9ristiques assez complexes pour une structure qui doit \u00eatre d\u00e9mont\u00e9e et transport\u00e9e rapidement et facilement. \u00c0 cet \u00e9gard, est-il possible d&#039;utiliser des structures fonctionnelles existantes, telles que des conteneurs humanitaires, comme structure de base, repens\u00e9e en fonction des exigences d&#039;am\u00e9nagement et de conception ? \u00ab\u00a0][vc_column_text text_direction=\u00a0\u00bbdefault\u00a0\u00bb]Oui, vous pouvez utiliser des structures fonctionnelles existantes, telles que des conteneurs humanitaires, comme base de votre projet. L&rsquo;essentiel est de s&rsquo;assurer que ces structures restent transportables, permettant un montage et un d\u00e9montage rapides, tout en cr\u00e9ant un environnement s\u00fbr et fonctionnel pour les \u00e9tudiants et les \u00e9ducateurs.[\/vc_column_text][\/toggle][toggle color=\u00a0\u00bbAccent-Color\u00a0\u00bb heading_tag=\u00a0\u00bbh3&Prime; heading_tag_functionality=\u00a0\u00bbdefault\u00a0\u00bb title=\u00a0\u00bbLe concours est-il r\u00e9serv\u00e9 aux \u00e9tudiants ou aux professionnels ?\u00a0\u00bb][vc_column_text text_direction=\u00a0\u00bbdefault\u00a0\u00bb]Nos concours sont ouverts \u00e0 toute personne \u00e2g\u00e9e de plus de 18 ans qui souhaite participer et pr\u00e9senter ses id\u00e9es et solutions aux d\u00e9fis pos\u00e9s dans le cadre du concours. \u00c9tudiants et professionnels de toutes disciplines : architectes, designers, ing\u00e9nieurs, photographes, etc.[\/vc_column_text][\/toggle][toggle color=\u00a0\u00bbAccent-Color\u00a0\u00bb heading_tag=\u00a0\u00bbh3&Prime; heading_tag_functionality=\u00a0\u00bbdefault\u00a0\u00bb title=\u00a0\u00bbPuis-je m&#039;inscrire aujourd&#039;hui et modifier les membres de mon \u00e9quipe plus tard ?\u00a0\u00bb][vc_column_text text_direction=\u00a0\u00bbdefault\u00a0\u00bb]Oui, vous pouvez toujours ajouter, supprimer ou modifier les membres de votre \u00e9quipe. Vous trouverez un lien pour le faire dans l&rsquo;espace du participant de notre site web.[\/vc_column_text][\/toggle][toggle color=\u00a0\u00bbAccent-Color\u00a0\u00bb heading_tag=\u00a0\u00bbh3&Prime; heading_tag_functionality=\u00a0\u00bbdefault\u00a0\u00bb title=\u00a0\u00bbCombien de participants peut-il y avoir par \u00e9quipe ? La participation individuelle est-elle autoris\u00e9e ?\u00a0\u00bb][vc_column_text text_direction=\u00a0\u00bbdefault\u00a0\u00bb]Les \u00e9quipes peuvent compter de 1 \u00e0 4 participants. La participation individuelle est donc tout \u00e0 fait valable.[\/vc_column_text][\/toggle][toggle color=\u00a0\u00bbDefault\u00a0\u00bb heading_tag=\u00a0\u00bbh3&Prime; heading_tag_functionality=\u00a0\u00bbdefault\u00a0\u00bb title=\u00a0\u00bbApr\u00e8s l&#039;inscription, que dois-je recevoir ?\u00a0\u00bb][vc_column_text text_direction=\u00a0\u00bbdefault\u00a0\u00bb]Vous devriez recevoir deux e-mails \u00e0 l&rsquo;adresse e-mail saisie lors du processus de paiement. Le premier e-mail confirmera votre paiement avec un num\u00e9ro de commande que vous devrez utiliser pour identifier votre projet, et le second sera un e-mail de bienvenue contenant le mot de passe pour acc\u00e9der \u00e0 l&rsquo;Espace Participants, o\u00f9 vous pourrez t\u00e9l\u00e9charger le mat\u00e9riel du concours. Si apr\u00e8s 24 heures vous n&rsquo;avez pas re\u00e7u ces e-mails, v\u00e9rifiez votre dossier spam, et si vous ne les trouvez pas, contactez-nous via notre e-mail : info@schoolsforpalestine.com.[\/vc_column_text][\/toggle][toggle color=\u00a0\u00bbAccent-Color\u00a0\u00bb heading_tag=\u00a0\u00bbh3&Prime; heading_tag_functionality=\u00a0\u00bbdefault\u00a0\u00bb title=\u00a0\u00bbQue dois-je faire pour participer au concours ?\u00a0\u00bb][vc_column_text text_direction=\u00a0\u00bbdefault\u00a0\u00bb]Les participants doivent envoyer deux fichiers num\u00e9riques via l&rsquo;espace du participant de notre site web : une \u00ab\u00a0planche A1\u00a0\u00bb au format JPEG ou JPG et une \u00ab\u00a0description du projet\u00a0\u00bb de 400 mots maximum au format PDF. Les deux fichiers doivent \u00eatre nomm\u00e9s avec le num\u00e9ro de commande qui appara\u00eet dans l&rsquo;e-mail de confirmation de paiement que vous recevrez apr\u00e8s votre inscription. Vous trouverez tous les d\u00e9tails dans le briefing du concours sous la rubrique \u00ab\u00a0Pr\u00e9sentation\u00a0\u00bb.[\/vc_column_text][\/toggle][toggle color=\u00a0\u00bbAccent-Color\u00a0\u00bb heading_tag=\u00a0\u00bbh3&Prime; heading_tag_functionality=\u00a0\u00bbdefault\u00a0\u00bb title=\u00a0\u00bbMon \u00e9quipe peut-elle soumettre plus d&#039;une proposition ?\u00a0\u00bb][vc_column_text text_direction=\u00a0\u00bbdefault\u00a0\u00bb]Oui, vous pouvez soumettre autant de propositions que vous le souhaitez, mais vous devrez vous inscrire au concours autant de fois que vous souhaitez soumettre des propositions.[\/vc_column_text][\/toggle][toggle color=\u00a0\u00bbAccent-Color\u00a0\u00bb heading_tag=\u00a0\u00bbh3&Prime; heading_tag_functionality=\u00a0\u00bbdefault\u00a0\u00bb title=\u00a0\u00bbJe n&#039;arrive pas \u00e0 effectuer le paiement :\u00a0\u00bb][vc_column_text text_direction=\u00a0\u00bbdefault\u00a0\u00bb]Certains pays ont des restrictions sur les paiements internationaux, ce qui pourrait emp\u00eacher votre banque d&rsquo;approuver la transaction et entraver la r\u00e9ussite de l&rsquo;enregistrement. Si cela se produit, essayez de vous enregistrer \u00e0 nouveau en utilisant une autre carte de cr\u00e9dit, de pr\u00e9f\u00e9rence d&rsquo;une autre banque ou d&rsquo;une banque qui prend en charge les transactions internationales. Si le probl\u00e8me persiste, veuillez nous contacter \u00e0 l&rsquo;adresse info@schoolsforpalestine.com.[\/vc_column_text][\/toggle][toggle color=\u00a0\u00bbAccent-Color\u00a0\u00bb heading_tag=\u00a0\u00bbh3&Prime; heading_tag_functionality=\u00a0\u00bbdefault\u00a0\u00bb title=\u00a0\u00bbJe n&#039;arrive pas \u00e0 trouver mon pays parmi les options propos\u00e9es lors de la proc\u00e9dure d&#039;inscription.\u00a0\u00bb][vc_column_text text_direction=\u00a0\u00bbdefault\u00a0\u00bb]Dans ce cas, veuillez s\u00e9lectionner un autre pays (uniquement \u00e0 des fins statistiques) et nous envoyer un courriel \u00e0 info@schoolsforpalestine.com en indiquant le pays que vous souhaitez voir figurer dans la liste pour votre \u00e9quipe.[\/vc_column_text][\/toggle][toggle color=\u00a0\u00bbAccent-Color\u00a0\u00bb heading_tag=\u00a0\u00bbh3&Prime; heading_tag_functionality=\u00a0\u00bbdefault\u00a0\u00bb title=\u00a0\u00bbQuelles sont les langues accept\u00e9es pour les documents soumis ?\u00a0\u00bb][vc_column_text text_direction=\u00a0\u00bbdefault\u00a0\u00bb]Les langues accept\u00e9es sont l&rsquo;anglais et le fran\u00e7ais.[\/vc_column_text][\/toggle][\/toggles][\/vc_column][vc_column right_padding_desktop=\u00a0\u00bb2vw\u00a0\u00bb top_margin_tablet=\u00a0\u00bb10%\u00a0\u00bb column_element_direction_desktop=\u00a0\u00bbdefault\u00a0\u00bb column_element_spacing=\u00a0\u00bbdefault\u00a0\u00bb desktop_text_alignment=\u00a0\u00bbdefault\u00a0\u00bb tablet_text_alignment=\u00a0\u00bbdefault\u00a0\u00bb phone_text_alignment=\u00a0\u00bbdefault\u00a0\u00bb sticky_content=\u00a0\u00bbtrue\u00a0\u00bb sticky_content_functionality=\u00a0\u00bbjs\u00a0\u00bb background_color_opacity=\u00a0\u00bb1&Prime; background_hover_color_opacity=\u00a0\u00bb1&Prime; column_backdrop_filter=\u00a0\u00bbnone\u00a0\u00bb column_shadow=\u00a0\u00bbnone\u00a0\u00bb column_border_radius=\u00a0\u00bbnone\u00a0\u00bb column_link_target=\u00a0\u00bb_self\u00a0\u00bb column_position=\u00a0\u00bbdefault\u00a0\u00bb advanced_gradient_angle=\u00a0\u00bb0&Prime; gradient_direction=\u00a0\u00bbleft_to_right\u00a0\u00bb overlay_strength=\u00a0\u00bb0.3&Prime; width=\u00a0\u00bb1\/2&Prime; tablet_width_inherit=\u00a0\u00bbdefault\u00a0\u00bb animation_type=\u00a0\u00bbdefault\u00a0\u00bb bg_image_animation=\u00a0\u00bbnone\u00a0\u00bb border_type=\u00a0\u00bbsimple\u00a0\u00bb column_border_width=\u00a0\u00bbnone\u00a0\u00bb column_border_style=\u00a0\u00bbsolid\u00a0\u00bb column_padding_type=\u00a0\u00bbadvanced\u00a0\u00bb gradient_type=\u00a0\u00bbdefault\u00a0\u00bb][vc_row_inner column_margin=\u00a0\u00bbdefault\u00a0\u00bb column_direction=\u00a0\u00bbdefault\u00a0\u00bb column_direction_tablet=\u00a0\u00bbdefault\u00a0\u00bb column_direction_phone=\u00a0\u00bbdefault\u00a0\u00bb text_align=\u00a0\u00bbleft\u00a0\u00bb row_position=\u00a0\u00bbdefault\u00a0\u00bb row_position_tablet=\u00a0\u00bbinherit\u00a0\u00bb row_position_phone=\u00a0\u00bbinherit\u00a0\u00bb max_width_desktop=\u00a0\u00bb800px\u00a0\u00bb overflow=\u00a0\u00bbvisible\u00a0\u00bb pointer_events=\u00a0\u00bball\u00a0\u00bb][vc_column_inner column_padding=\u00a0\u00bbno-extra-padding\u00a0\u00bb column_padding_tablet=\u00a0\u00bbinherit\u00a0\u00bb column_padding_phone=\u00a0\u00bbinherit\u00a0\u00bb column_padding_position=\u00a0\u00bball\u00a0\u00bb column_element_direction_desktop=\u00a0\u00bbdefault\u00a0\u00bb column_element_spacing=\u00a0\u00bbdefault\u00a0\u00bb desktop_text_alignment=\u00a0\u00bbdefault\u00a0\u00bb tablet_text_alignment=\u00a0\u00bbdefault\u00a0\u00bb phone_text_alignment=\u00a0\u00bbdefault\u00a0\u00bb background_color=\u00a0\u00bb#ff6b3d\u00a0\u00bb background_color_opacity=\u00a0\u00bb1&Prime; background_hover_color_opacity=\u00a0\u00bb1&Prime; column_backdrop_filter=\u00a0\u00bbnone\u00a0\u00bb column_shadow=\u00a0\u00bbnone\u00a0\u00bb column_border_radius=\u00a0\u00bb15px\u00a0\u00bb column_link_target=\u00a0\u00bb_self\u00a0\u00bb overflow=\u00a0\u00bbhidden\u00a0\u00bb advanced_gradient_radial_position=\u00a0\u00bbtop right\u00a0\u00bb width=\u00a0\u00bb1\/1&Prime; tablet_width_inherit=\u00a0\u00bbdefault\u00a0\u00bb animation_type=\u00a0\u00bbdefault\u00a0\u00bb bg_image_animation=\u00a0\u00bbnone\u00a0\u00bb border_type=\u00a0\u00bbsimple\u00a0\u00bb column_border_width=\u00a0\u00bbnone\u00a0\u00bb column_border_style=\u00a0\u00bbsolid\u00a0\u00bb column_padding_type=\u00a0\u00bbdefault\u00a0\u00bb gradient_type=\u00a0\u00bbadvanced\u00a0\u00bb advanced_gradient_display_type=\u00a0\u00bbradial\u00a0\u00bb][nectar_animated_shape shape_color=\u00a0\u00bb#ffce59&Prime; width_desktop=\u00a0\u00bb65vw\u00a0\u00bb animation=\u00a0\u00bbnone\u00a0\u00bb animation_easing=\u00a0\u00bbeaseInOutCubic\u00a0\u00bb animation_movement_type=\u00a0\u00bbtransform_y\u00a0\u00bb position_desktop=\u00a0\u00bbabsolute\u00a0\u00bb top_position_desktop=\u00a0\u00bb0&Prime; bottom_position_desktop=\u00a0\u00bb0&Prime; left_position_desktop=\u00a0\u00bb0&Prime; translate_y_desktop=\u00a0\u00bb10%\u00a0\u00bb translate_x_desktop=\u00a0\u00bb-50%\u00a0\u00bb zindex=\u00a0\u00bb-1&Prime; animation_offset=\u00a0\u00bb160%\u00a0\u00bb][image_with_animation image_url=\u00a0\u00bb2984&Prime; image_size=\u00a0\u00bblarge_featured\u00a0\u00bb animation_type=\u00a0\u00bbentrance\u00a0\u00bb animation=\u00a0\u00bbNone\u00a0\u00bb animation_movement_type=\u00a0\u00bbtransform_y\u00a0\u00bb animation_movement_intensity=\u00a0\u00bb-0.8&Prime; hover_animation=\u00a0\u00bbnone\u00a0\u00bb alignment=\u00a0\u00bbright\u00a0\u00bb border_radius=\u00a0\u00bbnone\u00a0\u00bb box_shadow=\u00a0\u00bbcustom\u00a0\u00bb box_shadow_method=\u00a0\u00bbfilter\u00a0\u00bb image_loading=\u00a0\u00bbdefault\u00a0\u00bb max_width=\u00a0\u00bb100%\u00a0\u00bb max_width_mobile=\u00a0\u00bbdefault\u00a0\u00bb custom_box_shadow=\u00a0\u00bbhorizontal:-25,vertical:5,blur:25,spread:0,opacity:0&Prime; margin_bottom=\u00a0\u00bb-5%\u00a0\u00bb margin_top=\u00a0\u00bb5%\u00a0\u00bb][\/vc_column_inner][\/vc_row_inner][\/vc_column][\/vc_row]\n","protected":false},"excerpt":{"rendered":"<p>[vc_row type=\u00a0\u00bbfull_width_background\u00a0\u00bb full_screen_row_position=\u00a0\u00bbmiddle\u00a0\u00bb column_margin=\u00a0\u00bbdefault\u00a0\u00bb column_direction=\u00a0\u00bbdefault\u00a0\u00bb column_direction_tablet=\u00a0\u00bbdefault\u00a0\u00bb column_direction_phone=\u00a0\u00bbdefault\u00a0\u00bb scene_position=\u00a0\u00bbcenter\u00a0\u00bb top_padding=\u00a0\u00bb8%\u00a0\u00bb left_padding_desktop=\u00a0\u00bb10%\u00a0\u00bb constrain_group_2=\u00a0\u00bbyes\u00a0\u00bb right_padding_desktop=\u00a0\u00bb10%\u00a0\u00bb text_color=\u00a0\u00bbdark\u00a0\u00bb text_align=\u00a0\u00bbleft\u00a0\u00bb row_border_radius=\u00a0\u00bbnone\u00a0\u00bb row_border_radius_applies=\u00a0\u00bbbg\u00a0\u00bb overflow=\u00a0\u00bbvisible\u00a0\u00bb overlay_strength=\u00a0\u00bb0.3&Prime; gradient_direction=\u00a0\u00bbleft_to_right\u00a0\u00bb shape_divider_position=\u00a0\u00bbbottom\u00a0\u00bb bg_image_animation=\u00a0\u00bbnone\u00a0\u00bb gradient_type=\u00a0\u00bbdefault\u00a0\u00bb shape_type=\u00a0\u00bb\u00a0\u00bb][vc_column column_padding=\u00a0\u00bbno-extra-padding\u00a0\u00bb column_padding_tablet=\u00a0\u00bbinherit\u00a0\u00bb column_padding_phone=\u00a0\u00bbinherit\u00a0\u00bb column_padding_position=\u00a0\u00bball\u00a0\u00bb column_element_direction_desktop=\u00a0\u00bbdefault\u00a0\u00bb column_element_spacing=\u00a0\u00bbdefault\u00a0\u00bb desktop_text_alignment=\u00a0\u00bbdefault\u00a0\u00bb&#8230;<\/p>\n","protected":false},"author":1,"featured_media":0,"parent":0,"menu_order":0,"comment_status":"closed","ping_status":"closed","template":"","meta":{"om_disable_all_campaigns":false,"_monsterinsights_skip_tracking":false,"_monsterinsights_sitenote_active":false,"_monsterinsights_sitenote_note":"","_monsterinsights_sitenote_category":0,"_uf_show_specific_survey":0,"_uf_disable_surveys":false,"footnotes":""},"class_list":["post-3109","page","type-page","status-publish"],"aioseo_notices":[],"_links":{"self":[{"href":"https:\/\/schoolsforpalestine.com\/fr\/wp-json\/wp\/v2\/pages\/3109","targetHints":{"allow":["GET"]}}],"collection":[{"href":"https:\/\/schoolsforpalestine.com\/fr\/wp-json\/wp\/v2\/pages"}],"about":[{"href":"https:\/\/schoolsforpalestine.com\/fr\/wp-json\/wp\/v2\/types\/page"}],"author":[{"embeddable":true,"href":"https:\/\/schoolsforpalestine.com\/fr\/wp-json\/wp\/v2\/users\/1"}],"replies":[{"embeddable":true,"href":"https:\/\/schoolsforpalestine.com\/fr\/wp-json\/wp\/v2\/comments?post=3109"}],"version-history":[{"count":10,"href":"https:\/\/schoolsforpalestine.com\/fr\/wp-json\/wp\/v2\/pages\/3109\/revisions"}],"predecessor-version":[{"id":4237,"href":"https:\/\/schoolsforpalestine.com\/fr\/wp-json\/wp\/v2\/pages\/3109\/revisions\/4237"}],"wp:attachment":[{"href":"https:\/\/schoolsforpalestine.com\/fr\/wp-json\/wp\/v2\/media?parent=3109"}],"curies":[{"name":"wp","href":"https:\/\/api.w.org\/{rel}","templated":true}]}}