


{"id":3124,"date":"2024-08-13T14:59:12","date_gmt":"2024-08-13T12:59:12","guid":{"rendered":"https:\/\/schoolsforpalestine.com\/enregistrement-por-tunisien\/"},"modified":"2024-09-03T16:17:59","modified_gmt":"2024-09-03T14:17:59","slug":"enregistrement-por-tunisien","status":"publish","type":"page","link":"https:\/\/schoolsforpalestine.com\/fr\/enregistrement-por-tunisien\/","title":{"rendered":"Enregistrement por Tunisien"},"content":{"rendered":"[vc_row type=\u00a0\u00bbfull_width_background\u00a0\u00bb full_screen_row_position=\u00a0\u00bbmiddle\u00a0\u00bb column_margin=\u00a0\u00bbdefault\u00a0\u00bb column_direction=\u00a0\u00bbdefault\u00a0\u00bb column_direction_tablet=\u00a0\u00bbdefault\u00a0\u00bb column_direction_phone=\u00a0\u00bbdefault\u00a0\u00bb bg_color=\u00a0\u00bb#ffffff\u00a0\u00bb scene_position=\u00a0\u00bbcenter\u00a0\u00bb top_padding=\u00a0\u00bb5%\u00a0\u00bb bottom_padding=\u00a0\u00bb2%\u00a0\u00bb text_color=\u00a0\u00bbdark\u00a0\u00bb text_align=\u00a0\u00bbleft\u00a0\u00bb row_border_radius=\u00a0\u00bbnone\u00a0\u00bb row_border_radius_applies=\u00a0\u00bbbg\u00a0\u00bb overflow=\u00a0\u00bbvisible\u00a0\u00bb overlay_strength=\u00a0\u00bb1&Prime; gradient_direction=\u00a0\u00bbleft_to_right\u00a0\u00bb shape_divider_position=\u00a0\u00bbbottom\u00a0\u00bb bg_image_animation=\u00a0\u00bbnone\u00a0\u00bb shape_type=\u00a0\u00bb\u00a0\u00bb][vc_column column_padding=\u00a0\u00bbno-extra-padding\u00a0\u00bb column_padding_tablet=\u00a0\u00bbinherit\u00a0\u00bb column_padding_phone=\u00a0\u00bbinherit\u00a0\u00bb column_padding_position=\u00a0\u00bball\u00a0\u00bb column_element_direction_desktop=\u00a0\u00bbdefault\u00a0\u00bb column_element_spacing=\u00a0\u00bbdefault\u00a0\u00bb desktop_text_alignment=\u00a0\u00bbdefault\u00a0\u00bb tablet_text_alignment=\u00a0\u00bbdefault\u00a0\u00bb phone_text_alignment=\u00a0\u00bbdefault\u00a0\u00bb background_color_opacity=\u00a0\u00bb1&Prime; background_hover_color_opacity=\u00a0\u00bb1&Prime; column_backdrop_filter=\u00a0\u00bbnone\u00a0\u00bb column_shadow=\u00a0\u00bbnone\u00a0\u00bb column_border_radius=\u00a0\u00bbnone\u00a0\u00bb column_link_target=\u00a0\u00bb_self\u00a0\u00bb column_position=\u00a0\u00bbdefault\u00a0\u00bb gradient_direction=\u00a0\u00bbleft_to_right\u00a0\u00bb overlay_strength=\u00a0\u00bb0.3&Prime; width=\u00a0\u00bb1\/1&Prime; tablet_width_inherit=\u00a0\u00bbdefault\u00a0\u00bb animation_type=\u00a0\u00bbdefault\u00a0\u00bb enable_animation=\u00a0\u00bbtrue\u00a0\u00bb animation=\u00a0\u00bbfade-in-from-bottom\u00a0\u00bb animation_easing=\u00a0\u00bbdefault\u00a0\u00bb bg_image_animation=\u00a0\u00bbnone\u00a0\u00bb border_type=\u00a0\u00bbsimple\u00a0\u00bb column_border_width=\u00a0\u00bbnone\u00a0\u00bb column_border_style=\u00a0\u00bbsolid\u00a0\u00bb][vc_row_inner column_margin=\u00a0\u00bb90px\u00a0\u00bb column_direction=\u00a0\u00bbdefault\u00a0\u00bb column_direction_tablet=\u00a0\u00bbdefault\u00a0\u00bb column_direction_phone=\u00a0\u00bbdefault\u00a0\u00bb text_align=\u00a0\u00bbleft\u00a0\u00bb row_position=\u00a0\u00bbdefault\u00a0\u00bb row_position_tablet=\u00a0\u00bbinherit\u00a0\u00bb row_position_phone=\u00a0\u00bbinherit\u00a0\u00bb overflow=\u00a0\u00bbvisible\u00a0\u00bb pointer_events=\u00a0\u00bball\u00a0\u00bb][vc_column_inner column_padding=\u00a0\u00bbpadding-3-percent\u00a0\u00bb column_padding_tablet=\u00a0\u00bbinherit\u00a0\u00bb column_padding_phone=\u00a0\u00bbinherit\u00a0\u00bb column_padding_position=\u00a0\u00bbtop-bottom\u00a0\u00bb column_element_direction_desktop=\u00a0\u00bbdefault\u00a0\u00bb column_element_spacing=\u00a0\u00bbdefault\u00a0\u00bb desktop_text_alignment=\u00a0\u00bbdefault\u00a0\u00bb tablet_text_alignment=\u00a0\u00bbdefault\u00a0\u00bb phone_text_alignment=\u00a0\u00bbdefault\u00a0\u00bb background_color_opacity=\u00a0\u00bb1&Prime; background_hover_color_opacity=\u00a0\u00bb1&Prime; column_backdrop_filter=\u00a0\u00bbnone\u00a0\u00bb column_shadow=\u00a0\u00bbnone\u00a0\u00bb column_border_radius=\u00a0\u00bbnone\u00a0\u00bb column_link_target=\u00a0\u00bb_self\u00a0\u00bb overflow=\u00a0\u00bbvisible\u00a0\u00bb gradient_direction=\u00a0\u00bbleft_to_right\u00a0\u00bb overlay_strength=\u00a0\u00bb0.3&Prime; width=\u00a0\u00bb1\/2&Prime; tablet_width_inherit=\u00a0\u00bbdefault\u00a0\u00bb animation_type=\u00a0\u00bbdefault\u00a0\u00bb enable_animation=\u00a0\u00bbtrue\u00a0\u00bb animation=\u00a0\u00bbfade-in-from-bottom\u00a0\u00bb animation_easing=\u00a0\u00bbdefault\u00a0\u00bb bg_image_animation=\u00a0\u00bbnone\u00a0\u00bb border_type=\u00a0\u00bbsimple\u00a0\u00bb column_border_width=\u00a0\u00bbnone\u00a0\u00bb column_border_style=\u00a0\u00bbsolid\u00a0\u00bb][vc_column_text css=\u00a0\u00bb.vc_custom_1723551083771{margin-bottom: 10px !important;padding-right: 10% !important;}\u00a0\u00bb text_direction=\u00a0\u00bbdefault\u00a0\u00bb]\n<h3>Tarifs R\u00e9duits pour les Tunisiens<\/h3>\n[\/vc_column_text][vc_column_text css=\u00a0\u00bb.vc_custom_1724784562328{padding-right: 10% !important;}\u00a0\u00bb text_direction=\u00a0\u00bbdefault\u00a0\u00bb]Gr\u00e2ce \u00e0 la collaboration avec l&rsquo;ONG tunisienne <em>Wallah We Can<\/em>, les citoyens tunisiens peuvent b\u00e9n\u00e9ficier d&rsquo;une r\u00e9duction sp\u00e9ciale sur les frais d&rsquo;inscription au concours. <strong>M\u00e9thode de Paiement<\/strong>: Veuillez transf\u00e9rer les frais d&rsquo;inscription directement \u00e0 notre ONG partenaire, <em>Wallah We Can<\/em>. Assurez-vous d&rsquo;inclure votre nom et pr\u00e9nom comme r\u00e9f\u00e9rence de paiement afin que nous puissions suivre votre transfert. Il y a deux options disponibles :   <\/p>\n<ul>\n<li><strong>\u00c9tudiants<\/strong> : Tarif de <strong>100 dinars<\/strong>. Si vous souhaitez b\u00e9n\u00e9ficier du tarif \u00e9tudiant, veuillez envoyer une preuve de votre statut d&rsquo;\u00e9tudiant \u00e0 <strong><a href=\"mailto:bayram.zgolli@wallahwecan.org\">bayram.zgolli@wallahwecan.org<\/a><\/strong>. Si l&rsquo;un des membres du groupe est \u00e9tudiant, cela suffit pour b\u00e9n\u00e9ficier de la r\u00e9duction.  <\/li>\n<li><strong>Professionnels<\/strong>: Tarif de <strong>200 dinars<\/strong>.<\/li>\n<\/ul>\n[\/vc_column_text][vc_column_text css=\u00a0\u00bb.vc_custom_1724784539948{padding-right: 10% !important;}\u00a0\u00bb text_direction=\u00a0\u00bbdefault\u00a0\u00bb]<strong>\u26a0\ufe0f Confirmation du Paiement \u26a0\ufe0f<\/strong>: Une fois le paiement effectu\u00e9, veuillez envoyer une copie du justificatif de paiement \u00e0 <strong><a href=\"mailto:bayram.zgolli@wallahwecan.org\">bayram.zgolli@wallahwecan.org<\/a><\/strong>. Cela est n\u00e9cessaire pour v\u00e9rifier votre paiement et finaliser votre inscription. <strong>Acc\u00e8s aux Mat\u00e9riels<\/strong>: Apr\u00e8s la confirmation de votre paiement, nous finaliserons votre inscription et vous fournirons l&rsquo;acc\u00e8s aux mat\u00e9riels du concours ainsi qu&rsquo;\u00e0 l&rsquo;Espace Participants.[\/vc_column_text][\/vc_column_inner][vc_column_inner column_padding=\u00a0\u00bbpadding-3-percent\u00a0\u00bb column_padding_tablet=\u00a0\u00bbinherit\u00a0\u00bb column_padding_phone=\u00a0\u00bbinherit\u00a0\u00bb column_padding_position=\u00a0\u00bbtop-bottom\u00a0\u00bb column_element_direction_desktop=\u00a0\u00bbdefault\u00a0\u00bb column_element_spacing=\u00a0\u00bbdefault\u00a0\u00bb desktop_text_alignment=\u00a0\u00bbdefault\u00a0\u00bb tablet_text_alignment=\u00a0\u00bbdefault\u00a0\u00bb phone_text_alignment=\u00a0\u00bbdefault\u00a0\u00bb background_color_opacity=\u00a0\u00bb1&Prime; background_hover_color_opacity=\u00a0\u00bb1&Prime; column_backdrop_filter=\u00a0\u00bbnone\u00a0\u00bb column_shadow=\u00a0\u00bbnone\u00a0\u00bb column_border_radius=\u00a0\u00bbnone\u00a0\u00bb column_link_target=\u00a0\u00bb_self\u00a0\u00bb overflow=\u00a0\u00bbvisible\u00a0\u00bb gradient_direction=\u00a0\u00bbleft_to_right\u00a0\u00bb overlay_strength=\u00a0\u00bb0.3&Prime; width=\u00a0\u00bb1\/2&Prime; tablet_width_inherit=\u00a0\u00bbdefault\u00a0\u00bb animation_type=\u00a0\u00bbdefault\u00a0\u00bb enable_animation=\u00a0\u00bbtrue\u00a0\u00bb animation=\u00a0\u00bbfade-in-from-bottom\u00a0\u00bb animation_easing=\u00a0\u00bbdefault\u00a0\u00bb bg_image_animation=\u00a0\u00bbnone\u00a0\u00bb border_type=\u00a0\u00bbsimple\u00a0\u00bb column_border_width=\u00a0\u00bbnone\u00a0\u00bb column_border_style=\u00a0\u00bbsolid\u00a0\u00bb delay=\u00a0\u00bb100&Prime;][vc_column_text css=\u00a0\u00bb.vc_custom_1723551092847{margin-bottom: 10px !important;padding-right: 10% !important;}\u00a0\u00bb text_direction=\u00a0\u00bbdefault\u00a0\u00bb]\n<h3>Informations pour le Virement Bancaire<\/h3>\n[\/vc_column_text][nectar_horizontal_list_item columns=\u00a0\u00bb2&Prime; column_layout_using_2_columns=\u00a0\u00bbmedium_last\u00a0\u00bb col_1_text_align=\u00a0\u00bbleft\u00a0\u00bb col_2_text_align=\u00a0\u00bbleft\u00a0\u00bb col_1_text_element=\u00a0\u00bbp\u00a0\u00bb col_2_text_element=\u00a0\u00bbh5&Prime; font_family=\u00a0\u00bbp\u00a0\u00bb hover_effect=\u00a0\u00bbnone\u00a0\u00bb icon_family=\u00a0\u00bbnone\u00a0\u00bb icon_size=\u00a0\u00bbregular\u00a0\u00bb col_1_content=\u00a0\u00bbTitulaire du compte bancaire\u00a0\u00bb col_2_content=\u00a0\u00bbASSOCIAT WALLAH NOUS POUVONS\u00a0\u00bb][nectar_horizontal_list_item columns=\u00a0\u00bb2&Prime; column_layout_using_2_columns=\u00a0\u00bbmedium_last\u00a0\u00bb col_1_text_align=\u00a0\u00bbleft\u00a0\u00bb col_2_text_align=\u00a0\u00bbleft\u00a0\u00bb col_1_text_element=\u00a0\u00bbp\u00a0\u00bb col_2_text_element=\u00a0\u00bbh5&Prime; font_family=\u00a0\u00bbp\u00a0\u00bb hover_effect=\u00a0\u00bbnone\u00a0\u00bb icon_family=\u00a0\u00bbnone\u00a0\u00bb icon_size=\u00a0\u00bbregular\u00a0\u00bb col_1_content=\u00a0\u00bbRIB (Identifiant national de compte bancaire)\u00a0\u00bb col_2_content=\u00a0\u00bb08 055 0200920020517 04&Prime;][nectar_horizontal_list_item columns=\u00a0\u00bb2&Prime; column_layout_using_2_columns=\u00a0\u00bbmedium_last\u00a0\u00bb col_1_text_align=\u00a0\u00bbleft\u00a0\u00bb col_2_text_align=\u00a0\u00bbleft\u00a0\u00bb col_1_text_element=\u00a0\u00bbp\u00a0\u00bb col_2_text_element=\u00a0\u00bbh5&Prime; font_family=\u00a0\u00bbp\u00a0\u00bb hover_effect=\u00a0\u00bbnone\u00a0\u00bb icon_family=\u00a0\u00bbnone\u00a0\u00bb icon_size=\u00a0\u00bbregular\u00a0\u00bb col_1_content=\u00a0\u00bbIBAN (Identifiant international de compte bancaire)\u00a0\u00bb col_2_content=\u00a0\u00bbTN59 0805 5020 0920 0205 1704&Prime;][nectar_horizontal_list_item columns=\u00a0\u00bb2&Prime; column_layout_using_2_columns=\u00a0\u00bbmedium_last\u00a0\u00bb col_1_text_align=\u00a0\u00bbleft\u00a0\u00bb col_2_text_align=\u00a0\u00bbleft\u00a0\u00bb col_1_text_element=\u00a0\u00bbp\u00a0\u00bb col_2_text_element=\u00a0\u00bbh5&Prime; font_family=\u00a0\u00bbp\u00a0\u00bb hover_effect=\u00a0\u00bbnone\u00a0\u00bb icon_family=\u00a0\u00bbnone\u00a0\u00bb icon_size=\u00a0\u00bbregular\u00a0\u00bb col_1_content=\u00a0\u00bbBIC (Code Banque)\u00a0\u00bb col_2_content=\u00a0\u00bbBIATTNTT\u00a0\u00bb][nectar_horizontal_list_item columns=\u00a0\u00bb2&Prime; column_layout_using_2_columns=\u00a0\u00bbmedium_last\u00a0\u00bb col_1_text_align=\u00a0\u00bbleft\u00a0\u00bb col_2_text_align=\u00a0\u00bbleft\u00a0\u00bb col_1_text_element=\u00a0\u00bbp\u00a0\u00bb col_2_text_element=\u00a0\u00bbh5&Prime; font_family=\u00a0\u00bbp\u00a0\u00bb hover_effect=\u00a0\u00bbnone\u00a0\u00bb icon_family=\u00a0\u00bbnone\u00a0\u00bb icon_size=\u00a0\u00bbregular\u00a0\u00bb col_1_content=\u00a0\u00bbAgence\u00a0\u00bb col_2_content=\u00a0\u00bbAGENCE MARSA SAF SAF (K9)\u00a0\u00bb][\/vc_column_inner][\/vc_row_inner][\/vc_column][\/vc_row]\n","protected":false},"excerpt":{"rendered":"<p>[vc_row type=\u00a0\u00bbfull_width_background\u00a0\u00bb full_screen_row_position=\u00a0\u00bbmiddle\u00a0\u00bb column_margin=\u00a0\u00bbdefault\u00a0\u00bb column_direction=\u00a0\u00bbdefault\u00a0\u00bb column_direction_tablet=\u00a0\u00bbdefault\u00a0\u00bb column_direction_phone=\u00a0\u00bbdefault\u00a0\u00bb bg_color=\u00a0\u00bb#ffffff\u00a0\u00bb scene_position=\u00a0\u00bbcenter\u00a0\u00bb top_padding=\u00a0\u00bb5%\u00a0\u00bb bottom_padding=\u00a0\u00bb2%\u00a0\u00bb text_color=\u00a0\u00bbdark\u00a0\u00bb text_align=\u00a0\u00bbleft\u00a0\u00bb row_border_radius=\u00a0\u00bbnone\u00a0\u00bb row_border_radius_applies=\u00a0\u00bbbg\u00a0\u00bb overflow=\u00a0\u00bbvisible\u00a0\u00bb overlay_strength=\u00a0\u00bb1&Prime; gradient_direction=\u00a0\u00bbleft_to_right\u00a0\u00bb shape_divider_position=\u00a0\u00bbbottom\u00a0\u00bb bg_image_animation=\u00a0\u00bbnone\u00a0\u00bb shape_type=\u00a0\u00bb\u00a0\u00bb][vc_column column_padding=\u00a0\u00bbno-extra-padding\u00a0\u00bb column_padding_tablet=\u00a0\u00bbinherit\u00a0\u00bb column_padding_phone=\u00a0\u00bbinherit\u00a0\u00bb column_padding_position=\u00a0\u00bball\u00a0\u00bb column_element_direction_desktop=\u00a0\u00bbdefault\u00a0\u00bb column_element_spacing=\u00a0\u00bbdefault\u00a0\u00bb desktop_text_alignment=\u00a0\u00bbdefault\u00a0\u00bb tablet_text_alignment=\u00a0\u00bbdefault\u00a0\u00bb phone_text_alignment=\u00a0\u00bbdefault\u00a0\u00bb&#8230;<\/p>\n","protected":false},"author":1,"featured_media":0,"parent":0,"menu_order":0,"comment_status":"closed","ping_status":"closed","template":"","meta":{"om_disable_all_campaigns":false,"_monsterinsights_skip_tracking":false,"_monsterinsights_sitenote_active":false,"_monsterinsights_sitenote_note":"","_monsterinsights_sitenote_category":0,"_uf_show_specific_survey":0,"_uf_disable_surveys":false,"footnotes":""},"class_list":["post-3124","page","type-page","status-publish"],"aioseo_notices":[],"_links":{"self":[{"href":"https:\/\/schoolsforpalestine.com\/fr\/wp-json\/wp\/v2\/pages\/3124","targetHints":{"allow":["GET"]}}],"collection":[{"href":"https:\/\/schoolsforpalestine.com\/fr\/wp-json\/wp\/v2\/pages"}],"about":[{"href":"https:\/\/schoolsforpalestine.com\/fr\/wp-json\/wp\/v2\/types\/page"}],"author":[{"embeddable":true,"href":"https:\/\/schoolsforpalestine.com\/fr\/wp-json\/wp\/v2\/users\/1"}],"replies":[{"embeddable":true,"href":"https:\/\/schoolsforpalestine.com\/fr\/wp-json\/wp\/v2\/comments?post=3124"}],"version-history":[{"count":7,"href":"https:\/\/schoolsforpalestine.com\/fr\/wp-json\/wp\/v2\/pages\/3124\/revisions"}],"predecessor-version":[{"id":3384,"href":"https:\/\/schoolsforpalestine.com\/fr\/wp-json\/wp\/v2\/pages\/3124\/revisions\/3384"}],"wp:attachment":[{"href":"https:\/\/schoolsforpalestine.com\/fr\/wp-json\/wp\/v2\/media?parent=3124"}],"curies":[{"name":"wp","href":"https:\/\/api.w.org\/{rel}","templated":true}]}}