


{"id":3188,"date":"2024-04-10T15:53:52","date_gmt":"2024-04-10T13:53:52","guid":{"rendered":"https:\/\/schoolsforpalestine.com\/conditions-generales-et-politique-de-confidentialite\/"},"modified":"2024-08-15T21:14:19","modified_gmt":"2024-08-15T19:14:19","slug":"conditions-generales-et-politique-de-confidentialite","status":"publish","type":"page","link":"https:\/\/schoolsforpalestine.com\/fr\/conditions-generales-et-politique-de-confidentialite\/","title":{"rendered":"Conditions g\u00e9n\u00e9rales et politique de confidentialit\u00e9"},"content":{"rendered":"[vc_row type=\u00a0\u00bbin_container\u00a0\u00bb full_screen_row_position=\u00a0\u00bbmiddle\u00a0\u00bb column_margin=\u00a0\u00bbdefault\u00a0\u00bb column_direction=\u00a0\u00bbdefault\u00a0\u00bb column_direction_tablet=\u00a0\u00bbdefault\u00a0\u00bb column_direction_phone=\u00a0\u00bbdefault\u00a0\u00bb scene_position=\u00a0\u00bbcenter\u00a0\u00bb text_color=\u00a0\u00bbdark\u00a0\u00bb text_align=\u00a0\u00bbleft\u00a0\u00bb row_border_radius=\u00a0\u00bbnone\u00a0\u00bb row_border_radius_applies=\u00a0\u00bbbg\u00a0\u00bb overflow=\u00a0\u00bbvisible\u00a0\u00bb overlay_strength=\u00a0\u00bb0.3&Prime; gradient_direction=\u00a0\u00bbleft_to_right\u00a0\u00bb shape_divider_position=\u00a0\u00bbbottom\u00a0\u00bb bg_image_animation=\u00a0\u00bbnone\u00a0\u00bb][vc_column column_padding=\u00a0\u00bbno-extra-padding\u00a0\u00bb column_padding_tablet=\u00a0\u00bbinherit\u00a0\u00bb column_padding_phone=\u00a0\u00bbinherit\u00a0\u00bb column_padding_position=\u00a0\u00bball\u00a0\u00bb column_element_direction_desktop=\u00a0\u00bbdefault\u00a0\u00bb column_element_spacing=\u00a0\u00bbdefault\u00a0\u00bb desktop_text_alignment=\u00a0\u00bbdefault\u00a0\u00bb tablet_text_alignment=\u00a0\u00bbdefault\u00a0\u00bb phone_text_alignment=\u00a0\u00bbdefault\u00a0\u00bb background_color_opacity=\u00a0\u00bb1&Prime; background_hover_color_opacity=\u00a0\u00bb1&Prime; column_backdrop_filter=\u00a0\u00bbnone\u00a0\u00bb column_shadow=\u00a0\u00bbnone\u00a0\u00bb column_border_radius=\u00a0\u00bbnone\u00a0\u00bb column_link_target=\u00a0\u00bb_self\u00a0\u00bb column_position=\u00a0\u00bbdefault\u00a0\u00bb gradient_direction=\u00a0\u00bbleft_to_right\u00a0\u00bb overlay_strength=\u00a0\u00bb0.3&Prime; width=\u00a0\u00bb1\/1&Prime; tablet_width_inherit=\u00a0\u00bbdefault\u00a0\u00bb animation_type=\u00a0\u00bbdefault\u00a0\u00bb bg_image_animation=\u00a0\u00bbnone\u00a0\u00bb border_type=\u00a0\u00bbsimple\u00a0\u00bb column_border_width=\u00a0\u00bbnone\u00a0\u00bb column_border_style=\u00a0\u00bbsolid\u00a0\u00bb][vc_column_text text_direction=\u00a0\u00bbdefault\u00a0\u00bb]\n<h3><strong>CONDITIONS G\u00c9N\u00c9RALES ET POLITIQUE DE CONFIDENTIALIT\u00c9<\/strong><\/h3>\n<p>  En vous inscrivant sur notre site web et en participant \u00e0 nos concours, vous acceptez les pr\u00e9sentes conditions g\u00e9n\u00e9rales.<br \/>\nVeuillez les lire attentivement : DERNI\u00c8RE MISE \u00c0 JOUR : avril 2024   &nbsp;<\/p>\n<ol>\n<li><strong>  D\u00c9FINITIONS<\/strong><\/li>\n<\/ol>\n<p>  \u00ab\u00a0Utilisateur\u00a0\u00bb : toute personne qui utilise notre site web, s&rsquo;inscrit sur notre site web ou participe \u00e0 nos concours.<br \/>\n\u00ab\u00a0Projet\u00a0\u00bb : tout travail, mat\u00e9riel ou document soumis par un utilisateur dans le cadre de nos concours via notre site web.   &nbsp;<\/p>\n<ol start=\"2\">\n<li><strong>  UTILISATION DU SITE WEB<\/strong><\/li>\n<\/ol>\n<p>  Les utilisateurs doivent \u00eatre \u00e2g\u00e9s d&rsquo;au moins 18 ans pour utiliser notre site web, s&rsquo;inscrire sur notre site web et participer \u00e0 nos concours.<br \/>\nEn utilisant notre site web, vous garantissez que vous remplissez cette condition.<br \/>\nSchools for Palestine se r\u00e9serve le droit de modifier ou de retirer, temporairement ou d\u00e9finitivement, les informations contenues dans ce site web (ou toute partie de celui-ci) avec ou sans pr\u00e9avis.    &nbsp;<\/p>\n<ol start=\"3\">\n<li><strong>  POLITIQUE DE CONFIDENTIALIT\u00c9 ET DE PROTECTION DES DONN\u00c9ES<\/strong><\/li>\n<\/ol>\n<p>  Schools for Palestine recueillera, traitera et prot\u00e9gera les donn\u00e9es personnelles collect\u00e9es par le biais de ce site web conform\u00e9ment au r\u00e8glement g\u00e9n\u00e9ral sur la protection des donn\u00e9es de l&rsquo;UE et \u00e0 la l\u00e9gislation espagnole en vigueur en mati\u00e8re de protection des donn\u00e9es.<br \/>\nEn vous inscrivant sur notre site web ou en participant \u00e0 nos concours, vous consentez au traitement de vos donn\u00e9es personnelles de la mani\u00e8re et aux fins d\u00e9crites ci-dessous.<br \/>\n3.1.<br \/>\nQUELLES DONN\u00c9ES PERSONNELLES NOUS RECUEILLONS Nous ne recueillons que les donn\u00e9es personnelles que vous nous fournissez lorsque vous vous inscrivez sur notre site web et participez \u00e0 nos concours.    Ces donn\u00e9es comprennent votre nom, votre \u00e2ge, votre nationalit\u00e9, votre pays de r\u00e9sidence, votre adresse \u00e9lectronique et, le cas \u00e9ch\u00e9ant, l&rsquo;universit\u00e9 o\u00f9 vous \u00e9tudiez.<br \/>\n3.2.<br \/>\nCOMMENT NOUS UTILISONS VOS DONN\u00c9ES PERSONNELLES Nous utilisons vos donn\u00e9es personnelles exclusivement pour g\u00e9rer nos concours, communiquer avec vous et am\u00e9liorer notre site web.   L&rsquo;envoi d&rsquo;informations sur les concours \u00e0 venir ou d&rsquo;autres informations commerciales n\u00e9cessite un consentement expr\u00e8s, qui peut \u00eatre r\u00e9voqu\u00e9 \u00e0 tout moment.<br \/>\n3.3.<br \/>\nCOMMENT NOUS PROT\u00c9GONS VOS DONN\u00c9ES PERSONNELLES Nous mettons en \u0153uvre des mesures de s\u00e9curit\u00e9 pour prot\u00e9ger vos donn\u00e9es personnelles contre tout acc\u00e8s ou modification, divulgation ou destruction non autoris\u00e9s.   Les donn\u00e9es personnelles collect\u00e9es ne seront pas communiqu\u00e9es \u00e0 des tiers.<br \/>\nSeuls l&rsquo;\u00e9quipe d&rsquo;Schools for Palestine et les experts participant aux concours auront acc\u00e8s \u00e0 ces donn\u00e9es.<br \/>\nSeules les donn\u00e9es n\u00e9cessaires et essentielles peuvent \u00eatre communiqu\u00e9es \u00e0 des prestataires de services qui ne sont pas autoris\u00e9s \u00e0 faire un autre usage de ces donn\u00e9es.<br \/>\nCes donn\u00e9es peuvent \u00e9galement \u00eatre partag\u00e9es avec les m\u00e9dias et \u00e0 travers les m\u00e9dias sociaux dans le seul but de publier et de diffuser les r\u00e9sultats d&rsquo;un concours.<br \/>\nElles peuvent \u00e9galement \u00eatre communiqu\u00e9es dans le cadre d&rsquo;une enqu\u00eate judiciaire ou lorsque la loi l&rsquo;exige.<br \/>\n3.4.<br \/>\nVOS DROITS Vous avez le droit d&rsquo;acc\u00e9der \u00e0 vos donn\u00e9es \u00e0 caract\u00e8re personnel, de les rectifier, de demander leur suppression, de vous opposer \u00e0 leur traitement et de demander la limitation de leur traitement.<br \/>\nVous pouvez exercer ces droits \u00e0 l&rsquo;adresse \u00e9lectronique suivante : info@schoolsforpalestine.com 3.5.<br \/>\nCONTR\u00d4LEUR DE DONN\u00c9ES Archstorming, S.L., CIF : B-55289433, C\/ Tom\u00e1s Boada 19, 17240, Llagostera, Girona (Espagne).          &nbsp;<\/p>\n<ol start=\"4\">\n<li><strong>  POLITIQUE EN MATI\u00c8RE DE COOKIES<\/strong><\/li>\n<\/ol>\n<p>  4.1.<br \/>\n\u00bfQU\u00c9 SON LAS COOKIES?<br \/>\nLas cookies son peque\u00f1os archivos de texto que se almacenan en tu dispositivo cuando visitas nuestro sitio web y se utilizan para registrar las actividades del usuario durante su tiempo de navegaci\u00f3n.<br \/>\nSon an\u00f3nimas y no pueden proporcionar datos personales por s\u00ed solas.<br \/>\n4.2.<br \/>\nC\u00d3MO UTILIZAMOS LAS COOKIES Utilizamos cookies para recordar tus preferencias, entender c\u00f3mo usas nuestro sitio web, personalizar contenidos y publicidad y, en general, mejorar la experiencia del usuario en nuestro sitio web.<br \/>\n4.3.<br \/>\nHOW TO MANAGE COOKIES Upon entering our website, you will be able to accept or reject the use of cookies.<br \/>\nTambi\u00e9n puedes gestionar las cookies a trav\u00e9s de la configuraci\u00f3n de tu navegador.<br \/>\nSin embargo, si desactivas las cookies, es posible que algunas partes de nuestro sitio web no funcionen correctamente.           &nbsp;<\/p>\n<ol start=\"5\">\n<li><strong>  CONTENU DE TIERS<\/strong><\/li>\n<\/ol>\n<p> Notre site web peut contenir des liens vers des sites web de tiers. Schools for Palestine n&rsquo;est pas responsable du contenu et des politiques de protection des donn\u00e9es de ces sites tiers. En outre, toutes les informations et tous les commentaires t\u00e9l\u00e9charg\u00e9s par les utilisateurs par le biais d&rsquo;un canal de participation fourni sur le site web sont consid\u00e9r\u00e9s comme transf\u00e9r\u00e9s \u00e0 Schools for Palestine. Les utilisateurs sont responsables de la l\u00e9galit\u00e9 et de l&rsquo;ad\u00e9quation du contenu qu&rsquo;ils partagent par le biais de ces canaux de participation. Schools for Palestine n&rsquo;est pas responsable de ces contenus t\u00e9l\u00e9charg\u00e9s par les utilisateurs et se r\u00e9serve le droit de les publier ou de les supprimer.     &nbsp;<\/p>\n<ol start=\"6\">\n<li><strong>  INFORMATIONS JURIDIQUES<\/strong><\/li>\n<\/ol>\n<p> Le propri\u00e9taire de ce site Web est Archstorming, S.L., CIF : B-55289433, dont le si\u00e8ge social est situ\u00e9 \u00e0 C\/ Tom\u00e1s Boada 19, Llagostera, Girona (Espagne) et inscrit au registre du commerce de Girona (Espagne). Archstorming, S.L. se r\u00e9serve tous les droits sur le domaine www.schoolsforpalestine.com, y compris son nom, sa conception, ses codes sources, sa structure de navigation et ses bases de donn\u00e9es, entre autres, ainsi que sur la marque \u00ab\u00a0Schools for Palestine\u00a0\u00bb et son logo, qui sont l\u00e9galement prot\u00e9g\u00e9s. L&rsquo;utilisation non autoris\u00e9e par des tiers entra\u00eenera une responsabilit\u00e9 et des dommages-int\u00e9r\u00eats conform\u00e9ment \u00e0 la l\u00e9gislation applicable. Dans toutes les questions relatives aux transactions juridiques ou impliquant des relations juridiques avec des tiers ou des obligations l\u00e9gales, toutes les r\u00e9f\u00e9rences \u00e0 \u00ab\u00a0Schools for Palestine\u00a0\u00bb contenues dans les pr\u00e9sentes Conditions g\u00e9n\u00e9rales doivent \u00eatre comprises comme \u00e9tant faites au propri\u00e9taire de la marque, Archstorming, S.L., qui est le seul sujet ayant la capacit\u00e9 juridique de contracter des obligations et de revendiquer ses droits.    &nbsp;<\/p>\n<ol start=\"7\">\n<li><strong>  MODIFICATION DES TERMES ET CONDITIONS<\/strong><\/li>\n<\/ol>\n<p>  Schools for Palestine se r\u00e9serve le droit de modifier les pr\u00e9sentes conditions g\u00e9n\u00e9rales \u00e0 tout moment.<br \/>\nLes modifications entreront en vigueur d\u00e8s leur publication sur ce site web et seront directement contraignantes pour l&rsquo;utilisateur, qui est tenu de les consulter r\u00e9guli\u00e8rement.<br \/>\nLa date de la derni\u00e8re modification des pr\u00e9sentes conditions g\u00e9n\u00e9rales sera toujours indiqu\u00e9e en haut de page.    &nbsp;<\/p>\n<ol start=\"8\">\n<li><strong>  DROIT APPLICABLE ET JURIDICTION<\/strong><\/li>\n<\/ol>\n<p>  Les pr\u00e9sentes conditions g\u00e9n\u00e9rales sont r\u00e9gies par le droit espagnol.<br \/>\nTout litige li\u00e9 aux pr\u00e9sentes conditions g\u00e9n\u00e9rales sera r\u00e9gl\u00e9 par les tribunaux espagnols.   &nbsp;<\/p>\n<h3><strong>R\u00c8GLES DE PARTICIPATION AU CONCOURS  <\/strong><\/h3>\n<p>  DERNI\u00c8RE MISE \u00c0 JOUR Avril 2024  &nbsp;<\/p>\n<ol>\n<li><strong>  \u00c9LIGIBILIT\u00c9 ET INSCRIPTION<\/strong><\/li>\n<\/ol>\n<p>  Les concours sont ouverts \u00e0 toute personne \u00e2g\u00e9e de plus de 18 ans, sans distinction de nationalit\u00e9 ou de discipline.<br \/>\nPour participer \u00e0 un concours, vous devez vous inscrire via notre site web, payer les frais pr\u00e9vus et accepter les conditions g\u00e9n\u00e9rales.<br \/>\nL&rsquo;inscription se fait par \u00e9quipe, qui peut \u00eatre compos\u00e9e de un \u00e0 quatre participants.<br \/>\nChaque \u00e9quipe inscrite ne peut soumettre qu&rsquo;un seul projet.<br \/>\nSi une \u00e9quipe souhaite pr\u00e9senter plus d&rsquo;un projet, elle doit formaliser autant d&rsquo;inscriptions que de projets qu&rsquo;elle souhaite pr\u00e9senter au concours, en payant le prix correspondant \u00e0 chaque inscription.      &nbsp;<\/p>\n<ol start=\"2\">\n<li><strong>  PRIX ET PRIX D&rsquo;APPEL<\/strong><\/li>\n<\/ol>\n<p>  Les frais d&rsquo;inscription sont par \u00e9quipe (et non par personne) et varient en fonction de la p\u00e9riode d&rsquo;inscription.<br \/>\nIl y a deux p\u00e9riodes d&rsquo;inscription ; le prix pour chaque p\u00e9riode est indiqu\u00e9 sur le site web et dans le briefing.<br \/>\nLe prix n&rsquo;inclut pas la TVA.<br \/>\nPour participer \u00e0 nos concours, vous devez vous inscrire via notre site web et payer le prix fix\u00e9.<br \/>\nUne fois que l&rsquo;inscription et le paiement ont \u00e9t\u00e9 effectu\u00e9s avec succ\u00e8s et que l&rsquo;acc\u00e8s au mat\u00e9riel du concours a \u00e9t\u00e9 accord\u00e9, aucune annulation ni aucun remboursement ne seront accept\u00e9s.<br \/>\nLes prix annonc\u00e9s seront soumis aux retenues fiscales correspondantes, conform\u00e9ment \u00e0 la l\u00e9gislation fiscale espagnole en vigueur.       &nbsp;<\/p>\n<ol start=\"3\">\n<li><strong>  INFORMATIONS ET DOCUMENTS COMPL\u00c9MENTAIRES<\/strong><\/li>\n<\/ol>\n<p>  Toutes les informations pertinentes sur chaque concours, y compris son th\u00e8me et ses exigences, le jury s\u00e9lectionn\u00e9, la date limite, les instructions pour la soumission des projets et les prix d\u00e9cern\u00e9s, entre autres aspects, seront pr\u00e9sent\u00e9es dans le briefing de chaque concours et dans la section correspondante du site web.<br \/>\nEn outre, les concours peuvent \u00eatre accompagn\u00e9s de mat\u00e9riel, de documentation et d&rsquo;informations suppl\u00e9mentaires qui seront fournis aux participants apr\u00e8s leur inscription et le paiement des frais correspondants.   &nbsp;<\/p>\n<ol start=\"4\">\n<li><strong>  S\u00c9LECTION DES LAUR\u00c9ATS<\/strong><\/li>\n<\/ol>\n<p> Les projets soumis qui ne respectent pas les conditions d&rsquo;\u00e9ligibilit\u00e9, les conditions g\u00e9n\u00e9rales ou le pr\u00e9sent r\u00e8glement du concours seront disqualifi\u00e9s. Par la suite, les experts d&rsquo;Schools for Palestine s\u00e9lectionneront les projets qui r\u00e9pondent le mieux aux crit\u00e8res d&rsquo;\u00e9valuation publi\u00e9s. Ces projets s\u00e9lectionn\u00e9s par Schools for Palestine seront pr\u00e9sent\u00e9s au jury, qui les \u00e9valuera selon les crit\u00e8res d&rsquo;\u00e9valuation publi\u00e9s. Les membres du jury auront acc\u00e8s, sur demande, \u00e0 tous les projets soumis. Les laur\u00e9ats seront d\u00e9sign\u00e9s par le jury \u00e0 l&rsquo;issue d&rsquo;un vote individuel des membres et d&rsquo;une r\u00e9union et d&rsquo;une discussion communes.     &nbsp;<\/p>\n<ol start=\"5\">\n<li><strong>  LA PROPRI\u00c9T\u00c9 INTELLECTUELLE<\/strong><\/li>\n<\/ol>\n<p>  Les utilisateurs garantissent qu&rsquo;ils sont les auteurs intellectuels des projets soumis et qu&rsquo;ils ne violent aucun droit de propri\u00e9t\u00e9 intellectuelle en les soumettant au concours.<br \/>\nLes utilisateurs conservent les droits d&rsquo;auteur de leurs projets.<br \/>\nToutefois, en participant \u00e0 un concours et en soumettant un projet, ils accordent \u00e0 Schools for Palestine une licence mondiale, gratuite et non exclusive pour l&rsquo;utilisation, la reproduction, la publication et la distribution du projet sous n&rsquo;importe quel format et \u00e0 travers n&rsquo;importe quel m\u00e9dia.    &nbsp;<\/p>\n<ol start=\"6\">\n<li><strong>  ANNULATION DU CONCOURS<\/strong><\/li>\n<\/ol>\n<p>  Schools for Palestine se r\u00e9serve le droit d&rsquo;annuler un concours en raison d&rsquo;un manque d&rsquo;inscriptions, en avertissant au pr\u00e9alable les utilisateurs qui se sont d\u00e9j\u00e0 inscrits et ont pay\u00e9 les frais.<br \/>\nDans ce cas, un remboursement int\u00e9gral sera effectu\u00e9 dans les 15 jours suivant la notification de l&rsquo;annulation.   &nbsp;<\/p>\n<ol start=\"7\">\n<li><strong>  MODIFICATION DES R\u00c8GLES DE PARTICIPATION AU CONCOURS<\/strong><\/li>\n<\/ol>\n<p>  Schools for Palestine se r\u00e9serve le droit de modifier \u00e0 tout moment le pr\u00e9sent r\u00e8glement du concours, qui sera contraignant pour les utilisateurs \u00e0 partir du moment o\u00f9 il sera publi\u00e9 sur le site web.<br \/>\nLa date de la derni\u00e8re modification sera indiqu\u00e9e en haut de page.   &nbsp;<strong>CONTACT<\/strong> Si vous avez des questions concernant les pr\u00e9sentes conditions g\u00e9n\u00e9rales ou le r\u00e8glement du concours, vous pouvez nous contacter par courrier \u00e9lectronique : info@schoolsforpalestine.com.  [\/vc_column_text][\/vc_column][\/vc_row]\n","protected":false},"excerpt":{"rendered":"<p>[vc_row type=\u00a0\u00bbin_container\u00a0\u00bb full_screen_row_position=\u00a0\u00bbmiddle\u00a0\u00bb column_margin=\u00a0\u00bbdefault\u00a0\u00bb column_direction=\u00a0\u00bbdefault\u00a0\u00bb column_direction_tablet=\u00a0\u00bbdefault\u00a0\u00bb column_direction_phone=\u00a0\u00bbdefault\u00a0\u00bb scene_position=\u00a0\u00bbcenter\u00a0\u00bb text_color=\u00a0\u00bbdark\u00a0\u00bb text_align=\u00a0\u00bbleft\u00a0\u00bb row_border_radius=\u00a0\u00bbnone\u00a0\u00bb row_border_radius_applies=\u00a0\u00bbbg\u00a0\u00bb overflow=\u00a0\u00bbvisible\u00a0\u00bb overlay_strength=\u00a0\u00bb0.3&Prime; gradient_direction=\u00a0\u00bbleft_to_right\u00a0\u00bb shape_divider_position=\u00a0\u00bbbottom\u00a0\u00bb bg_image_animation=\u00a0\u00bbnone\u00a0\u00bb][vc_column column_padding=\u00a0\u00bbno-extra-padding\u00a0\u00bb column_padding_tablet=\u00a0\u00bbinherit\u00a0\u00bb column_padding_phone=\u00a0\u00bbinherit\u00a0\u00bb column_padding_position=\u00a0\u00bball\u00a0\u00bb column_element_direction_desktop=\u00a0\u00bbdefault\u00a0\u00bb column_element_spacing=\u00a0\u00bbdefault\u00a0\u00bb desktop_text_alignment=\u00a0\u00bbdefault\u00a0\u00bb tablet_text_alignment=\u00a0\u00bbdefault\u00a0\u00bb phone_text_alignment=\u00a0\u00bbdefault\u00a0\u00bb background_color_opacity=\u00a0\u00bb1&Prime; background_hover_color_opacity=\u00a0\u00bb1&Prime; column_backdrop_filter=\u00a0\u00bbnone\u00a0\u00bb column_shadow=\u00a0\u00bbnone\u00a0\u00bb&#8230;<\/p>\n","protected":false},"author":1,"featured_media":0,"parent":0,"menu_order":0,"comment_status":"closed","ping_status":"open","template":"","meta":{"om_disable_all_campaigns":false,"_monsterinsights_skip_tracking":false,"_monsterinsights_sitenote_active":false,"_monsterinsights_sitenote_note":"","_monsterinsights_sitenote_category":0,"_uf_show_specific_survey":0,"_uf_disable_surveys":false,"footnotes":""},"class_list":["post-3188","page","type-page","status-publish"],"aioseo_notices":[],"_links":{"self":[{"href":"https:\/\/schoolsforpalestine.com\/fr\/wp-json\/wp\/v2\/pages\/3188","targetHints":{"allow":["GET"]}}],"collection":[{"href":"https:\/\/schoolsforpalestine.com\/fr\/wp-json\/wp\/v2\/pages"}],"about":[{"href":"https:\/\/schoolsforpalestine.com\/fr\/wp-json\/wp\/v2\/types\/page"}],"author":[{"embeddable":true,"href":"https:\/\/schoolsforpalestine.com\/fr\/wp-json\/wp\/v2\/users\/1"}],"replies":[{"embeddable":true,"href":"https:\/\/schoolsforpalestine.com\/fr\/wp-json\/wp\/v2\/comments?post=3188"}],"version-history":[{"count":2,"href":"https:\/\/schoolsforpalestine.com\/fr\/wp-json\/wp\/v2\/pages\/3188\/revisions"}],"predecessor-version":[{"id":3190,"href":"https:\/\/schoolsforpalestine.com\/fr\/wp-json\/wp\/v2\/pages\/3188\/revisions\/3190"}],"wp:attachment":[{"href":"https:\/\/schoolsforpalestine.com\/fr\/wp-json\/wp\/v2\/media?parent=3188"}],"curies":[{"name":"wp","href":"https:\/\/api.w.org\/{rel}","templated":true}]}}